{"id":5097,"date":"2020-11-14T00:39:56","date_gmt":"2020-11-14T00:39:56","guid":{"rendered":"http:\/\/www.frijobel.pt\/novo\/?page_id=5097"},"modified":"2021-02-04T13:36:32","modified_gmt":"2021-02-04T13:36:32","slug":"cefalopode","status":"publish","type":"page","link":"https:\/\/frijobel.pt\/website_96915706\/pt\/cefalopode\/","title":{"rendered":"CEFAL\u00d3PODES"},"content":{"rendered":"<div class=\"wpb-content-wrapper\"><div data-parallax-bg-image=\"https:\/\/frijobel.pt\/website_96915706\/wp-content\/uploads\/2020\/11\/cefalopodes.jpg\" data-parallax-bg-speed=\"1\" class=\"vc_row wpb_row vc_row-fluid vc_custom_1612445782264 vc_row-has-fill edgtf-parallax-row-holder\" ><div class=\"wpb_column vc_column_container vc_col-sm-12 vc_col-has-fill\"><div class=\"vc_column-inner vc_custom_1606265377288\"><div class=\"wpb_wrapper\"><div class=\"edgtf-elements-holder   edgtf-one-column  edgtf-responsive-mode-768 \" ><div class=\"edgtf-eh-item   edgtf-horizontal-alignment-center \"  data-item-class=\"edgtf-eh-custom-8262\" data-1367-1600=\"25% 0 20% 0\" data-1025-1366=\"20% 0 20% 0\" data-769-1024=\"60% 0 55% 0\" data-681-768=\"60% 0 50% 0\" data-680=\"83% 0 80% 0\">\n\t<div class=\"edgtf-eh-item-inner\">\n\t\t<div class=\"edgtf-eh-item-content edgtf-eh-custom-8262\" style=\"padding: 27% 0 22% 0\">\n\t\t\t<div class=\"edgtf-section-title-holder  edgtf-st-standard edgtf-st-center edgtf-st-normal-space \" style=\"padding: 0 10%\">\n\t<div class=\"edgtf-st-inner\">\n\t\t\t\t\t<h1 class=\"edgtf-st-title\" style=\"color: #ffffff\">\n\t\t\t\t<span class=\"edgtf-st-title-bold\">CEFAL\u00d3PODES<\/span>\t\t\t<\/h1>\n\t\t\t\t\t\t\t<p class=\"edgtf-st-text\" style=\"color: #ffffff;font-size: 22px;font-weight: 400\">\n\t\t\t\tVARIEDADE E QUALIDADE\t\t\t<\/p>\n\t\t\t<\/div>\n<\/div>\t\t<\/div>\n\t<\/div>\n<\/div><\/div><\/div><\/div><\/div><\/div><div class=\"edgtf-row-grid-section-wrapper \"  ><div class=\"edgtf-row-grid-section\"><div class=\"vc_row wpb_row vc_row-fluid vc_custom_1594921556174\" ><div class=\"wpb_animate_when_almost_visible wpb_fadeIn fadeIn wpb_column vc_column_container vc_col-sm-12\"><div class=\"vc_column-inner\"><div class=\"wpb_wrapper\"><div class=\"vc_empty_space\"   style=\"height: 50px\"><span class=\"vc_empty_space_inner\"><\/span><\/div><div class=\"woocommerce columns-3 \"><ul class=\"products columns-3\">\n<li class=\"product type-product post-3523 status-publish first instock product_cat-cefalopodes product_tag-cefalopode product_tag-choco product_tag-cuttlefish has-post-thumbnail shipping-taxable product-type-simple\">\n\t<div class=\"edgtf-pl-inner\"><div class=\"edgtf-pl-image\"><img loading=\"lazy\" decoding=\"async\" width=\"400\" height=\"300\" src=\"https:\/\/frijobel.pt\/website_96915706\/wp-content\/uploads\/2020\/07\/Choco-gigante-400x300.jpg\" class=\"attachment-woocommerce_thumbnail size-woocommerce_thumbnail\" alt=\"Choco fresco\" srcset=\"https:\/\/frijobel.pt\/website_96915706\/wp-content\/uploads\/2020\/07\/Choco-gigante-400x300.jpg 400w, https:\/\/frijobel.pt\/website_96915706\/wp-content\/uploads\/2020\/07\/Choco-gigante-20x14.jpg 20w\" sizes=\"auto, (max-width: 400px) 100vw, 400px\" \/><div class=\"edgtf-pl-text\"><div class=\"edgtf-pl-text-outer\"><div class=\"edgtf-pl-text-inner\"><a href=\"https:\/\/frijobel.pt\/website_96915706\/pt\/product\/choco\/\" aria-describedby=\"woocommerce_loop_add_to_cart_link_describedby_3523\" data-quantity=\"1\" class=\"button product_type_simple\" data-product_id=\"3523\" data-product_sku=\"P005\" aria-label=\"Leia mais sobre &ldquo;Choco&rdquo;\" rel=\"nofollow\" data-success_message=\"\">Ler mais<\/a>\t<span id=\"woocommerce_loop_add_to_cart_link_describedby_3523\" class=\"screen-reader-text\">\n\t\t\t<\/span>\n<\/div><\/div><\/div><\/div><a href=\"https:\/\/frijobel.pt\/website_96915706\/pt\/product\/choco\/\" class=\"woocommerce-LoopProduct-link woocommerce-loop-product__link\"><\/a><\/div><div class=\"edgtf-pl-text-wrapper\"><h5 class=\"edgtf-product-list-title\"><a href=\"https:\/\/frijobel.pt\/website_96915706\/pt\/product\/choco\/\">Choco<\/a><\/h5>\n\t\t\t<h6 class=\"edgtf-pl-category\"><a href=\"https:\/\/frijobel.pt\/website_96915706\/pt\/product-category\/cefalopodes\/\" rel=\"tag\">Cefal\u00f3podes<\/a><\/h6>\n\t\t\t<\/div><\/li>\n<li class=\"product type-product post-3573 status-publish instock product_cat-cefalopodes product_tag-cefalopode product_tag-lulas product_tag-molusco has-post-thumbnail shipping-taxable product-type-simple\">\n\t<div class=\"edgtf-pl-inner\"><div class=\"edgtf-pl-image\"><img loading=\"lazy\" decoding=\"async\" width=\"400\" height=\"300\" src=\"https:\/\/frijobel.pt\/website_96915706\/wp-content\/uploads\/2020\/07\/Lulas-400x300.jpg\" class=\"attachment-woocommerce_thumbnail size-woocommerce_thumbnail\" alt=\"Lula inteira crua e fresca\" srcset=\"https:\/\/frijobel.pt\/website_96915706\/wp-content\/uploads\/2020\/07\/Lulas-400x300.jpg 400w, https:\/\/frijobel.pt\/website_96915706\/wp-content\/uploads\/2020\/07\/Lulas-20x14.jpg 20w\" sizes=\"auto, (max-width: 400px) 100vw, 400px\" \/><div class=\"edgtf-pl-text\"><div class=\"edgtf-pl-text-outer\"><div class=\"edgtf-pl-text-inner\"><a href=\"https:\/\/frijobel.pt\/website_96915706\/pt\/product\/lulas\/\" aria-describedby=\"woocommerce_loop_add_to_cart_link_describedby_3573\" data-quantity=\"1\" class=\"button product_type_simple\" data-product_id=\"3573\" data-product_sku=\"P011\" aria-label=\"Leia mais sobre &ldquo;Lulas&rdquo;\" rel=\"nofollow\" data-success_message=\"\">Ler mais<\/a>\t<span id=\"woocommerce_loop_add_to_cart_link_describedby_3573\" class=\"screen-reader-text\">\n\t\t\t<\/span>\n<\/div><\/div><\/div><\/div><a href=\"https:\/\/frijobel.pt\/website_96915706\/pt\/product\/lulas\/\" class=\"woocommerce-LoopProduct-link woocommerce-loop-product__link\"><\/a><\/div><div class=\"edgtf-pl-text-wrapper\"><h5 class=\"edgtf-product-list-title\"><a href=\"https:\/\/frijobel.pt\/website_96915706\/pt\/product\/lulas\/\">Lulas<\/a><\/h5>\n\t\t\t<h6 class=\"edgtf-pl-category\"><a href=\"https:\/\/frijobel.pt\/website_96915706\/pt\/product-category\/cefalopodes\/\" rel=\"tag\">Cefal\u00f3podes<\/a><\/h6>\n\t\t\t<\/div><\/li>\n<li class=\"product type-product post-5428 status-publish last instock product_cat-cefalopodes product_tag-cefalopode product_tag-choco product_tag-ovas has-post-thumbnail shipping-taxable product-type-simple\">\n\t<div class=\"edgtf-pl-inner\"><div class=\"edgtf-pl-image\"><img loading=\"lazy\" decoding=\"async\" width=\"400\" height=\"300\" src=\"https:\/\/frijobel.pt\/website_96915706\/wp-content\/uploads\/2020\/11\/OVAS-CHOCO-400x300.jpg\" class=\"attachment-woocommerce_thumbnail size-woocommerce_thumbnail\" alt=\"OVAS DE CHOCO\" srcset=\"https:\/\/frijobel.pt\/website_96915706\/wp-content\/uploads\/2020\/11\/OVAS-CHOCO-400x300.jpg 400w, https:\/\/frijobel.pt\/website_96915706\/wp-content\/uploads\/2020\/11\/OVAS-CHOCO-20x14.jpg 20w\" sizes=\"auto, (max-width: 400px) 100vw, 400px\" \/><div class=\"edgtf-pl-text\"><div class=\"edgtf-pl-text-outer\"><div class=\"edgtf-pl-text-inner\"><a href=\"https:\/\/frijobel.pt\/website_96915706\/pt\/product\/ovas-de-choco\/\" aria-describedby=\"woocommerce_loop_add_to_cart_link_describedby_5428\" data-quantity=\"1\" class=\"button product_type_simple\" data-product_id=\"5428\" data-product_sku=\"P025\" aria-label=\"Leia mais sobre &ldquo;OVAS DE CHOCO&rdquo;\" rel=\"nofollow\" data-success_message=\"\">Ler mais<\/a>\t<span id=\"woocommerce_loop_add_to_cart_link_describedby_5428\" class=\"screen-reader-text\">\n\t\t\t<\/span>\n<\/div><\/div><\/div><\/div><a href=\"https:\/\/frijobel.pt\/website_96915706\/pt\/product\/ovas-de-choco\/\" class=\"woocommerce-LoopProduct-link woocommerce-loop-product__link\"><\/a><\/div><div class=\"edgtf-pl-text-wrapper\"><h5 class=\"edgtf-product-list-title\"><a href=\"https:\/\/frijobel.pt\/website_96915706\/pt\/product\/ovas-de-choco\/\">OVAS DE CHOCO<\/a><\/h5>\n\t\t\t<h6 class=\"edgtf-pl-category\"><a href=\"https:\/\/frijobel.pt\/website_96915706\/pt\/product-category\/cefalopodes\/\" rel=\"tag\">Cefal\u00f3podes<\/a><\/h6>\n\t\t\t<\/div><\/li>\n<li class=\"product type-product post-3632 status-publish first instock product_cat-cefalopodes product_tag-cefalopode product_tag-molusco product_tag-polvo has-post-thumbnail shipping-taxable product-type-simple\">\n\t<div class=\"edgtf-pl-inner\"><div class=\"edgtf-pl-image\"><img loading=\"lazy\" decoding=\"async\" width=\"400\" height=\"300\" src=\"https:\/\/frijobel.pt\/website_96915706\/wp-content\/uploads\/2020\/07\/POLVO-1-400x300.jpg\" class=\"attachment-woocommerce_thumbnail size-woocommerce_thumbnail\" alt=\"Polvo\" srcset=\"https:\/\/frijobel.pt\/website_96915706\/wp-content\/uploads\/2020\/07\/POLVO-1-400x300.jpg 400w, https:\/\/frijobel.pt\/website_96915706\/wp-content\/uploads\/2020\/07\/POLVO-1-20x14.jpg 20w\" sizes=\"auto, (max-width: 400px) 100vw, 400px\" \/><div class=\"edgtf-pl-text\"><div class=\"edgtf-pl-text-outer\"><div class=\"edgtf-pl-text-inner\"><a href=\"https:\/\/frijobel.pt\/website_96915706\/pt\/product\/polvo\/\" aria-describedby=\"woocommerce_loop_add_to_cart_link_describedby_3632\" data-quantity=\"1\" class=\"button product_type_simple\" data-product_id=\"3632\" data-product_sku=\"P017\" aria-label=\"Leia mais sobre &ldquo;Polvo&rdquo;\" rel=\"nofollow\" data-success_message=\"\">Ler mais<\/a>\t<span id=\"woocommerce_loop_add_to_cart_link_describedby_3632\" class=\"screen-reader-text\">\n\t\t\t<\/span>\n<\/div><\/div><\/div><\/div><a href=\"https:\/\/frijobel.pt\/website_96915706\/pt\/product\/polvo\/\" class=\"woocommerce-LoopProduct-link woocommerce-loop-product__link\"><\/a><\/div><div class=\"edgtf-pl-text-wrapper\"><h5 class=\"edgtf-product-list-title\"><a href=\"https:\/\/frijobel.pt\/website_96915706\/pt\/product\/polvo\/\">Polvo<\/a><\/h5>\n\t\t\t<h6 class=\"edgtf-pl-category\"><a href=\"https:\/\/frijobel.pt\/website_96915706\/pt\/product-category\/cefalopodes\/\" rel=\"tag\">Cefal\u00f3podes<\/a><\/h6>\n\t\t\t<\/div><\/li>\n<li class=\"product type-product post-5427 status-publish instock product_cat-cefalopodes product_tag-cefalopode product_tag-inteiro product_tag-pota has-post-thumbnail shipping-taxable product-type-simple\">\n\t<div class=\"edgtf-pl-inner\"><div class=\"edgtf-pl-image\"><img loading=\"lazy\" decoding=\"async\" width=\"400\" height=\"300\" src=\"https:\/\/frijobel.pt\/website_96915706\/wp-content\/uploads\/2020\/07\/Pota-400x300.jpg\" class=\"attachment-woocommerce_thumbnail size-woocommerce_thumbnail\" alt=\"Potas cruas\" srcset=\"https:\/\/frijobel.pt\/website_96915706\/wp-content\/uploads\/2020\/07\/Pota-400x300.jpg 400w, https:\/\/frijobel.pt\/website_96915706\/wp-content\/uploads\/2020\/07\/Pota-20x14.jpg 20w\" sizes=\"auto, (max-width: 400px) 100vw, 400px\" \/><div class=\"edgtf-pl-text\"><div class=\"edgtf-pl-text-outer\"><div class=\"edgtf-pl-text-inner\"><a href=\"https:\/\/frijobel.pt\/website_96915706\/pt\/product\/pota-inteira\/\" aria-describedby=\"woocommerce_loop_add_to_cart_link_describedby_5427\" data-quantity=\"1\" class=\"button product_type_simple\" data-product_id=\"5427\" data-product_sku=\"P023\" aria-label=\"Leia mais sobre &ldquo;Pota&rdquo;\" rel=\"nofollow\" data-success_message=\"\">Ler mais<\/a>\t<span id=\"woocommerce_loop_add_to_cart_link_describedby_5427\" class=\"screen-reader-text\">\n\t\t\t<\/span>\n<\/div><\/div><\/div><\/div><a href=\"https:\/\/frijobel.pt\/website_96915706\/pt\/product\/pota-inteira\/\" class=\"woocommerce-LoopProduct-link woocommerce-loop-product__link\"><\/a><\/div><div class=\"edgtf-pl-text-wrapper\"><h5 class=\"edgtf-product-list-title\"><a href=\"https:\/\/frijobel.pt\/website_96915706\/pt\/product\/pota-inteira\/\">Pota<\/a><\/h5>\n\t\t\t<h6 class=\"edgtf-pl-category\"><a href=\"https:\/\/frijobel.pt\/website_96915706\/pt\/product-category\/cefalopodes\/\" rel=\"tag\">Cefal\u00f3podes<\/a><\/h6>\n\t\t\t<\/div><\/li>\n<li class=\"product type-product post-5425 status-publish last instock product_cat-cefalopodes product_tag-cefalopode product_tag-polvo product_tag-tentaculos has-post-thumbnail shipping-taxable product-type-simple\">\n\t<div class=\"edgtf-pl-inner\"><div class=\"edgtf-pl-image\"><img loading=\"lazy\" decoding=\"async\" width=\"400\" height=\"300\" src=\"https:\/\/frijobel.pt\/website_96915706\/wp-content\/uploads\/2020\/11\/Tentaculos-polvo-400x300.jpg\" class=\"attachment-woocommerce_thumbnail size-woocommerce_thumbnail\" alt=\"Tent\u00e1culos de Polvo\" srcset=\"https:\/\/frijobel.pt\/website_96915706\/wp-content\/uploads\/2020\/11\/Tentaculos-polvo-400x300.jpg 400w, https:\/\/frijobel.pt\/website_96915706\/wp-content\/uploads\/2020\/11\/Tentaculos-polvo-16x12.jpg 16w\" sizes=\"auto, (max-width: 400px) 100vw, 400px\" \/><div class=\"edgtf-pl-text\"><div class=\"edgtf-pl-text-outer\"><div class=\"edgtf-pl-text-inner\"><a href=\"https:\/\/frijobel.pt\/website_96915706\/pt\/product\/tentaculos-de-polvo\/\" aria-describedby=\"woocommerce_loop_add_to_cart_link_describedby_5425\" data-quantity=\"1\" class=\"button product_type_simple\" data-product_id=\"5425\" data-product_sku=\"P028\" aria-label=\"Leia mais sobre &ldquo;Tent\u00e1culos de Polvo&rdquo;\" rel=\"nofollow\" data-success_message=\"\">Ler mais<\/a>\t<span id=\"woocommerce_loop_add_to_cart_link_describedby_5425\" class=\"screen-reader-text\">\n\t\t\t<\/span>\n<\/div><\/div><\/div><\/div><a href=\"https:\/\/frijobel.pt\/website_96915706\/pt\/product\/tentaculos-de-polvo\/\" class=\"woocommerce-LoopProduct-link woocommerce-loop-product__link\"><\/a><\/div><div class=\"edgtf-pl-text-wrapper\"><h5 class=\"edgtf-product-list-title\"><a href=\"https:\/\/frijobel.pt\/website_96915706\/pt\/product\/tentaculos-de-polvo\/\">Tent\u00e1culos de Polvo<\/a><\/h5>\n\t\t\t<h6 class=\"edgtf-pl-category\"><a href=\"https:\/\/frijobel.pt\/website_96915706\/pt\/product-category\/cefalopodes\/\" rel=\"tag\">Cefal\u00f3podes<\/a><\/h6>\n\t\t\t<\/div><\/li>\n<li class=\"product type-product post-3644 status-publish first instock product_cat-cefalopodes product_tag-cefalopode product_tag-pota product_tag-tentaculos has-post-thumbnail shipping-taxable product-type-simple\">\n\t<div class=\"edgtf-pl-inner\"><div class=\"edgtf-pl-image\"><img loading=\"lazy\" decoding=\"async\" width=\"400\" height=\"300\" src=\"https:\/\/frijobel.pt\/website_96915706\/wp-content\/uploads\/2020\/07\/tenta\u0301culo-Polvo-400x300.jpg\" class=\"attachment-woocommerce_thumbnail size-woocommerce_thumbnail\" alt=\"Tent\u00e1culo de pota cru\" srcset=\"https:\/\/frijobel.pt\/website_96915706\/wp-content\/uploads\/2020\/07\/tenta\u0301culo-Polvo-400x300.jpg 400w, https:\/\/frijobel.pt\/website_96915706\/wp-content\/uploads\/2020\/07\/tenta\u0301culo-Polvo-20x14.jpg 20w\" sizes=\"auto, (max-width: 400px) 100vw, 400px\" \/><div class=\"edgtf-pl-text\"><div class=\"edgtf-pl-text-outer\"><div class=\"edgtf-pl-text-inner\"><a href=\"https:\/\/frijobel.pt\/website_96915706\/pt\/product\/tentaculos-pota\/\" aria-describedby=\"woocommerce_loop_add_to_cart_link_describedby_3644\" data-quantity=\"1\" class=\"button product_type_simple\" data-product_id=\"3644\" data-product_sku=\"P016-1-2-1\" aria-label=\"Leia mais sobre &ldquo;Tent\u00e1culos de Pota&rdquo;\" rel=\"nofollow\" data-success_message=\"\">Ler mais<\/a>\t<span id=\"woocommerce_loop_add_to_cart_link_describedby_3644\" class=\"screen-reader-text\">\n\t\t\t<\/span>\n<\/div><\/div><\/div><\/div><a href=\"https:\/\/frijobel.pt\/website_96915706\/pt\/product\/tentaculos-pota\/\" class=\"woocommerce-LoopProduct-link woocommerce-loop-product__link\"><\/a><\/div><div class=\"edgtf-pl-text-wrapper\"><h5 class=\"edgtf-product-list-title\"><a href=\"https:\/\/frijobel.pt\/website_96915706\/pt\/product\/tentaculos-pota\/\">Tent\u00e1culos de Pota<\/a><\/h5>\n\t\t\t<h6 class=\"edgtf-pl-category\"><a href=\"https:\/\/frijobel.pt\/website_96915706\/pt\/product-category\/cefalopodes\/\" rel=\"tag\">Cefal\u00f3podes<\/a><\/h6>\n\t\t\t<\/div><\/li>\n<\/ul>\n<\/div><\/div><\/div><\/div><\/div><\/div><\/div>\n<\/div>","protected":false},"excerpt":{"rendered":"CEFAL\u00d3PODES VARIEDADE E QUALIDADE Ler mais Choco Cefal\u00f3podes Ler mais Lulas Cefal\u00f3podes Ler mais OVAS DE CHOCO Cefal\u00f3podes Ler mais Polvo Cefal\u00f3podes Ler mais Pota Cefal\u00f3podes Ler mais Tent\u00e1culos de Polvo Cefal\u00f3podes Ler mais Tent\u00e1culos de Pota Cefal\u00f3podes","protected":false},"author":1,"featured_media":0,"parent":0,"menu_order":0,"comment_status":"closed","ping_status":"closed","template":"full-width.php","meta":{"footnotes":""},"class_list":["post-5097","page","type-page","status-publish","hentry"],"_links":{"self":[{"href":"https:\/\/frijobel.pt\/website_96915706\/pt\/wp-json\/wp\/v2\/pages\/5097","targetHints":{"allow":["GET"]}}],"collection":[{"href":"https:\/\/frijobel.pt\/website_96915706\/pt\/wp-json\/wp\/v2\/pages"}],"about":[{"href":"https:\/\/frijobel.pt\/website_96915706\/pt\/wp-json\/wp\/v2\/types\/page"}],"author":[{"embeddable":true,"href":"https:\/\/frijobel.pt\/website_96915706\/pt\/wp-json\/wp\/v2\/users\/1"}],"replies":[{"embeddable":true,"href":"https:\/\/frijobel.pt\/website_96915706\/pt\/wp-json\/wp\/v2\/comments?post=5097"}],"version-history":[{"count":2,"href":"https:\/\/frijobel.pt\/website_96915706\/pt\/wp-json\/wp\/v2\/pages\/5097\/revisions"}],"predecessor-version":[{"id":9526,"href":"https:\/\/frijobel.pt\/website_96915706\/pt\/wp-json\/wp\/v2\/pages\/5097\/revisions\/9526"}],"wp:attachment":[{"href":"https:\/\/frijobel.pt\/website_96915706\/pt\/wp-json\/wp\/v2\/media?parent=5097"}],"curies":[{"name":"wp","href":"https:\/\/api.w.org\/{rel}","templated":true}]}}