{"id":6488,"date":"2020-12-01T18:15:26","date_gmt":"2020-12-01T18:15:26","guid":{"rendered":"http:\/\/www.frijobel.pt\/novo\/?page_id=6488"},"modified":"2023-07-28T09:38:51","modified_gmt":"2023-07-28T09:38:51","slug":"cookie-policy","status":"publish","type":"page","link":"https:\/\/frijobel.pt\/website_96915706\/it\/cookie-policy\/","title":{"rendered":"Cookie Policy"},"content":{"rendered":"<div class=\"wpb-content-wrapper\"><div class=\"vc_row wpb_row vc_row-fluid\" ><div class=\"wpb_column vc_column_container vc_col-sm-12\"><div class=\"vc_column-inner\"><div class=\"wpb_wrapper\">\n\t<div class=\"wpb_text_column wpb_content_element\" >\n\t\t<div class=\"wpb_wrapper\">\n\t\t\t<div class=\"cli_pg_page_contaner\">\n<h3>Sobre a pol\u00edtica de cookie deste site<\/h3>\n<div>Esta Pol\u00edtica de Cookies explica o que s\u00e3o cookies e como os usamos. Ou seja, as informa\u00e7\u00f5es que recolhemos bem como s\u00e3o usadas e controladas atrav\u00e9s das prefer\u00eancias de cookies. Para obter mais informa\u00e7\u00f5es sobre o uso, armazenamento e manuten\u00e7\u00e3o dos seus dados pessoais, consulte a nossa Pol\u00edtica de Privacidade. O utilizador pode, a qualquer momento, alterar ou retirar o consentimento da Declara\u00e7\u00e3o de Cookies no nosso site. O seu consentimento aplica-se aos seguintes dom\u00ednios: www.frijobel.pt<div class=\"cli_user_consent_state\">Il tuo stato attuale: Non \u00e8 stato concesso alcun consenso. <a class=\"cli_manage_current_consent\" style=\"cursor:pointer;text-decoration:underline;\">Gestisci il tuo consenso.<\/a> <\/div><\/div>\n<h3>O que s\u00e3o cookies ?<\/h3>\n<div>Cookies s\u00e3o pequenos arquivos de texto usados \u200b\u200bpara armazenar pequenos peda\u00e7os de informa\u00e7\u00e3o. Eles s\u00e3o armazenados no seu dispositivo quando o site \u00e9 carregado no seu navegador pr\u00e9-definido. Esses cookies ajudam o site a funcionar corretamente, a torn\u00e1-lo mais seguro, a fornecer uma melhor experi\u00eancia ao utilizador e a analisar o que precisa de ser melhorado.<\/div>\n<h3>Como s\u00e3o utilizados os cookies neste site?<\/h3>\n<div>\n<p>Como a maioria dos servi\u00e7os online, o nosso site utiliza cookies prim\u00e1rios e de terceiros para diversos fins. Os cookies prim\u00e1rios s\u00e3o principalmente necess\u00e1rios para o funcionamento correto do site e n\u00e3o recolhem nenhum dado de identifica\u00e7\u00e3o pessoal.<\/p>\n<p>Os cookies de terceiros usados \u200b\u200bno nosso site s\u00e3o principalmente para entender como este funciona e como o utilizador interage com o site. Estes cookies mant\u00eam os servi\u00e7os seguros, fornecendo an\u00fancios relevantes e uma melhor experi\u00eancia enquanto utilizador para ajudar a acelerar futuras intera\u00e7\u00f5es no site.<\/p>\n<\/div>\n<h3>Que tipos de cookies s\u00e3o utilizados neste site?<\/h3>\n<div>Como a maioria dos servi\u00e7os online, o nosso site utiliza cookies prim\u00e1rios e de terceiros para diversos fins. Os cookies prim\u00e1rios s\u00e3o necess\u00e1rios para o bom funcionamento do site e n\u00e3o recolhem nenhum dados de identifica\u00e7\u00e3o pessoal.<\/div>\n<div><strong>Cookies essenciais:<\/strong> Alguns cookies s\u00e3o essenciais para que possa experimentar todas as funcionalidades do nosso site, prevenindo qualquer amea\u00e7a \u00e0 seguran\u00e7a do utilizador. Eles n\u00e3o recolhem ou armazenam nenhuma informa\u00e7\u00e3o pessoal. Estes cookies permitem que o utilizador fa\u00e7a login na sua conta, que adicione produtos ao carrinho e que finalize a compra em seguran\u00e7a.<\/div>\n<div><strong>Cookies de estat\u00edsticas:<\/strong> Esses cookies armazenam informa\u00e7\u00f5es como o n\u00famero de visitas no site, o n\u00famero de visitantes \u00fanicos, que p\u00e1ginas do site foram visitadas, a origem da visita, etc. Esses dados ajudam-nos a entender e a analisar o desempenho do site e onde precisa de ser melhorado.<\/div>\n<div><strong>Cookies de marketing:<\/strong> Estes cookies s\u00e3o usados \u200b\u200bpara personalizar an\u00fancios relevantes para o utilizador. Esses cookies tamb\u00e9m nos ajudam a acompanhar a efici\u00eancia de campanhas publicit\u00e1rias. As informa\u00e7\u00f5es armazenadas nestes cookies tamb\u00e9m podem ser utilizadas por provedores de an\u00fancios de terceiros para mostrar an\u00fancios noutros sites.<\/div>\n<div><strong>Cookies funcionais:<\/strong> Estes s\u00e3o os cookies que auxiliam certas funcionalidades n\u00e3o essenciais do nosso site. Essas funcionalidades incluem a incorpora\u00e7\u00e3o de conte\u00fado como v\u00eddeos ou o partilha de conte\u00fado do site em plataformas de m\u00eddia.<\/div>\n<div><strong>Cookies prefer\u00eancias:<\/strong> Esses cookies ajudam-nos a armazenar as configura\u00e7\u00f5es e prefer\u00eancias de navega\u00e7\u00e3o do utilizador, como \u00e9 o caso do idioma. Estes cookies permitem que o utilizador tenha uma experi\u00eancia eficiente em futuras visitas ao site.<p>A lista abaixo detalha os cookies neste site.<\/p><table class=\"cookielawinfo-row-cat-table cookielawinfo-classic\"><thead><tr><th class=\"cookielawinfo-column-1\">Cookie<\/th><th class=\"cookielawinfo-column-4\">Descrizione<\/th><\/tr><\/thead><tbody><tr class=\"cookielawinfo-row\"><td class=\"cookielawinfo-column-1\">humans_<\/td><td class=\"cookielawinfo-column-4\">Respons\u00e1vel por verificar se o preenchimento dos formul\u00e1rios neste site s\u00e3o feitos por um humano ou por um programa de computador.<\/td><\/tr><tr class=\"cookielawinfo-row\"><td class=\"cookielawinfo-column-1\">Tk_ai<\/td><td class=\"cookielawinfo-column-4\">Utilizado pelos plugins: Woocommerce, Automattic e Jetpack. Tem como funcionalidade guardar o ID do utilizador para futuros acessos, sua finalidade \u00e9 puramente estat\u00edstica.<\/td><\/tr><tr class=\"cookielawinfo-row\"><td class=\"cookielawinfo-column-1\">wordpress_<\/td><td class=\"cookielawinfo-column-4\">Utilizado pelo Wordpress. Tem como funcionalidade melhorar a navega\u00e7\u00e3o do utilizador, sua finalidade \u00e9 funcional.<\/td><\/tr><tr class=\"cookielawinfo-row\"><td class=\"cookielawinfo-column-1\">Wordpress_logged_in_*<\/td><td class=\"cookielawinfo-column-4\">Desenvolvido pelo Wordpress.\r\nPossibilita o acesso \u00e0 sua \u00e1rea de cliente no nosso site.<\/td><\/tr><tr class=\"cookielawinfo-row\"><td class=\"cookielawinfo-column-1\">wp-settings<\/td><td class=\"cookielawinfo-column-4\">Utilizado pelo Wordpress. Tem como funcionalidade guardar as preferencias do utilizador, sua finalidade \u00e9 funcional.<\/td><\/tr><tr class=\"cookielawinfo-row\"><td class=\"cookielawinfo-column-1\">Wp-Settings-Time-*<\/td><td class=\"cookielawinfo-column-4\">Desenvolvido pelo Wordpress para guardar informa\u00e7\u00f5es que auxiliam na orienta\u00e7\u00e3o temporal dentro do website, tais como post recentes e ordem cronol\u00f3gica das publica\u00e7\u00f5es.<\/td><\/tr><\/tbody><\/table><\/div>\n<h3>Como posso controlar as prefer\u00eancias de cookies ?<\/h3>\n<div>Caso decida alterar as suas prefer\u00eancias depois de iniciar a utiliza\u00e7\u00e3o do site, pode clicar na op\u00e7\u00e3o &#8220;Pol\u00edtica de Privacidade&#8221; . Esta a\u00e7\u00e3o ir\u00e1 abrir o aviso de consentimento, permitindo que altere as suas prefer\u00eancias ou retire totalmente o seu consentimento. Al\u00e9m disso, os\u00a0 diferentes browsers fornecem diferentes m\u00e9todos para bloquear e excluir cookies usados \u200b\u200bpor sites. Pode alterar as configura\u00e7\u00f5es do seu browser para bloquear ou excluir cookies. Para saber mais sobre como gerir e excluir cookies, visite wikipedia.org, <a href=\"http:\/\/www.allaboutcookies.org\">www.allaboutcookies.org<\/a>.<\/div>\n<\/div>\n\n\t\t<\/div>\n\t<\/div>\n<\/div><\/div><\/div><\/div>\n<\/div>","protected":false},"excerpt":{"rendered":"Sobre a pol\u00edtica de cookie deste site Esta Pol\u00edtica de Cookies explica o que s\u00e3o cookies e como os usamos. Ou seja, as informa\u00e7\u00f5es que recolhemos bem como s\u00e3o usadas e controladas atrav\u00e9s das prefer\u00eancias de cookies. Para obter mais [...]","protected":false},"author":1,"featured_media":0,"parent":0,"menu_order":0,"comment_status":"closed","ping_status":"closed","template":"","meta":{"footnotes":""},"class_list":["post-6488","page","type-page","status-publish","hentry"],"_links":{"self":[{"href":"https:\/\/frijobel.pt\/website_96915706\/it\/wp-json\/wp\/v2\/pages\/6488","targetHints":{"allow":["GET"]}}],"collection":[{"href":"https:\/\/frijobel.pt\/website_96915706\/it\/wp-json\/wp\/v2\/pages"}],"about":[{"href":"https:\/\/frijobel.pt\/website_96915706\/it\/wp-json\/wp\/v2\/types\/page"}],"author":[{"embeddable":true,"href":"https:\/\/frijobel.pt\/website_96915706\/it\/wp-json\/wp\/v2\/users\/1"}],"replies":[{"embeddable":true,"href":"https:\/\/frijobel.pt\/website_96915706\/it\/wp-json\/wp\/v2\/comments?post=6488"}],"version-history":[{"count":1,"href":"https:\/\/frijobel.pt\/website_96915706\/it\/wp-json\/wp\/v2\/pages\/6488\/revisions"}],"predecessor-version":[{"id":10893,"href":"https:\/\/frijobel.pt\/website_96915706\/it\/wp-json\/wp\/v2\/pages\/6488\/revisions\/10893"}],"wp:attachment":[{"href":"https:\/\/frijobel.pt\/website_96915706\/it\/wp-json\/wp\/v2\/media?parent=6488"}],"curies":[{"name":"wp","href":"https:\/\/api.w.org\/{rel}","templated":true}]}}