{"id":9978,"date":"2021-06-16T20:31:36","date_gmt":"2021-06-16T20:31:36","guid":{"rendered":"https:\/\/www.frijobel.pt\/?page_id=9978"},"modified":"2024-06-30T16:52:52","modified_gmt":"2024-06-30T16:52:52","slug":"trabalhar-na-frijobel","status":"publish","type":"page","link":"https:\/\/frijobel.pt\/website_96915706\/en\/trabalhar-na-frijobel\/","title":{"rendered":"WORK AT FRIJOBEL"},"content":{"rendered":"<div class=\"wpb-content-wrapper\"><div data-vc-full-width=\"true\" data-vc-full-width-init=\"false\" data-vc-stretch-content=\"true\" class=\"vc_row wpb_row vc_row-fluid bg-fixed-row vc_custom_1719766370375 vc_row-has-fill vc_row-no-padding vc_row-o-full-height vc_row-o-columns-middle vc_row-flex edgtf-content-aligment-center\" style=\"background-image: url(https:\/\/frijobel.pt\/website_96915706\/wp-content\/uploads\/2020\/11\/candidatura-espontanea_frijobel.jpg)\"><div class=\"wpb_column vc_column_container vc_col-sm-12\"><div class=\"vc_column-inner\"><div class=\"wpb_wrapper\"><div class=\"edgtf-elements-holder   edgtf-one-column  edgtf-responsive-mode-768\" ><div class=\"edgtf-eh-item   edgtf-horizontal-alignment-center\"  data-item-class=\"edgtf-eh-custom-2084\" data-1367-1600=\"5% 3% 5% 3%\" data-1025-1366=\"5% 3% 5% 3%\" data-769-1024=\"5% 3% 5% 3%\" data-681-768=\"5% 3% 5% 3%\" data-680=\"5% 3% 5% 3%\">\n\t<div class=\"edgtf-eh-item-inner\">\n\t\t<div class=\"edgtf-eh-item-content edgtf-eh-custom-2084\" style=\"padding: 5% 3% 5% 3%\">\n\t\t\t<div class=\"edgtf-section-title-holder  edgtf-st-standard edgtf-st-center edgtf-st-normal-space\" >\n\t<div class=\"edgtf-st-inner\">\n\t\t\t\t\t<h2 class=\"edgtf-st-title\" style=\"color: #ffffff\">\n\t\t\t\t<span class=\"edgtf-st-title-bold\">Working<\/span> <span class=\"edgtf-st-title-light\">at<\/span> FRIJOBEL\t\t\t<\/h2>\n\t\t\t\t\t\t\t<p class=\"edgtf-st-text\" style=\"color: #ffffff\">\n\t\t\t\tSend us your curriculum!\t\t\t<\/p>\n\t\t\t<\/div>\n<\/div>\t\t<\/div>\n\t<\/div>\n<\/div><\/div><\/div><\/div><\/div><\/div><div class=\"vc_row-full-width vc_clearfix\"><\/div><div class=\"edgtf-row-grid-section-wrapper\"  ><div class=\"edgtf-row-grid-section\"><div data-edgtf-anchor=\"fale-connosco-form-contact\" class=\"vc_row wpb_row vc_row-fluid vc_custom_1605305659092 vc_row-o-content-middle vc_row-flex\" ><div class=\"wpb_column vc_column_container vc_col-sm-12\"><div class=\"vc_column-inner\"><div class=\"wpb_wrapper\"><div class=\"edgtf-elements-holder  edgtf-eh-full-height edgtf-one-column  edgtf-responsive-mode-768 edgtf-one-column-alignment-left\" ><div class=\"edgtf-eh-item\"  data-item-class=\"edgtf-eh-custom-6274\" data-1367-1600=\"3% 2% 3% 2%\" data-1025-1366=\"3% 2% 3% 2%\" data-769-1024=\"3% 2% 3% 2%\" data-681-768=\"3% 2% 3% 2%\" data-680=\"3% 2% 3% 2%\">\n\t<div class=\"edgtf-eh-item-inner\">\n\t\t<div class=\"edgtf-eh-item-content edgtf-eh-custom-6274\" style=\"padding: 3% 0 3% 0\">\n\t\t\t\n\t<div class=\"wpb_text_column wpb_content_element\" >\n\t\t<div class=\"wpb_wrapper\">\n\t\t\t<h4><span style=\"color: #333333;\"><strong>COME WORK WITH US!<\/strong><\/span><\/h4>\n<p>We have ambitious goals. We live with a serious commitment to the pursuit of continuous improvement, always with our costumers as the main focus, and to maximize the efficiency of our processes and our teamwork. To achieve the goals we aim to, we have our doors open to new employees that bring the nonconformity and responsibility needed to face the inherent challenges.<\/p>\n<p>We believe in the continuous training of our workers, a favorable work environment for the development of long careers and that goes along your expectations. If you think your profile is aligned with our culture, check our activities areas below, send us your application or select one of the opportunities we have available.<\/p>\n\n\t\t<\/div>\n\t<\/div>\n<div class=\"vc_empty_space\"   style=\"height: 20px\"><span class=\"vc_empty_space_inner\"><\/span><\/div>\t\t<\/div>\n\t<\/div>\n<\/div><\/div><\/div><\/div><\/div><\/div><\/div><\/div><div class=\"edgtf-row-grid-section-wrapper\"  style=\"background-color:#f6f6f6\"><div class=\"edgtf-row-grid-section\"><div class=\"vc_row wpb_row vc_row-fluid vc_custom_1623875755386 vc_row-o-content-middle vc_row-flex\" ><div class=\"wpb_column vc_column_container vc_col-sm-12\"><div class=\"vc_column-inner\"><div class=\"wpb_wrapper\"><div class=\"edgtf-elements-holder   edgtf-one-column  edgtf-responsive-mode-768\" ><div class=\"edgtf-eh-item   edgtf-horizontal-alignment-center\"  data-item-class=\"edgtf-eh-custom-9512\" data-1367-1600=\"3% 3% 7% 3%\" data-1025-1366=\"3% 3% 7% 3%\" data-769-1024=\"3% 3% 7% 3%\" data-681-768=\"3% 3% 7% 3%\" data-680=\"3% 3% 7% 3%\">\n\t<div class=\"edgtf-eh-item-inner\">\n\t\t<div class=\"edgtf-eh-item-content edgtf-eh-custom-9512\" style=\"padding: 3% 3% 7% 3%\">\n\t\t\t<div class=\"edgtf-section-title-holder  edgtf-st-standard edgtf-st-center edgtf-st-normal-space\" >\n\t<div class=\"edgtf-st-inner\">\n\t\t\t\t\t<h2 class=\"edgtf-st-title\" style=\"color: #494949\">\n\t\t\t\t<span class=\"edgtf-st-title-bold\">APPLY HERE<\/span>\t\t\t<\/h2>\n\t\t\t\t\t<\/div>\n<\/div>\t\t<\/div>\n\t<\/div>\n<\/div><\/div><div class=\"edgtf-elements-holder  edgtf-eh-full-height edgtf-one-column  edgtf-responsive-mode-768 edgtf-one-column-alignment-left\" ><div class=\"edgtf-eh-item   edgtf-horizontal-alignment-center\"  data-item-class=\"edgtf-eh-custom-9703\" data-1367-1600=\"3% 2% 3% 2%\" data-1025-1366=\"3% 2% 3% 2%\" data-769-1024=\"3% 2% 3% 2%\" data-681-768=\"3% 2% 3% 2%\" data-680=\"3% 2% 3% 2%\">\n\t<div class=\"edgtf-eh-item-inner\">\n\t\t<div class=\"edgtf-eh-item-content edgtf-eh-custom-9703\" style=\"padding: 3% 0 3% 0\">\n\t\t\t\n<div class=\"wpcf7 no-js\" id=\"wpcf7-f9994-o1\" lang=\"en-US\" dir=\"ltr\" data-wpcf7-id=\"9994\">\n<div class=\"screen-reader-response\"><p role=\"status\" aria-live=\"polite\" aria-atomic=\"true\"><\/p> <ul><\/ul><\/div>\n<form action=\"\/website_96915706\/en\/wp-json\/wp\/v2\/pages\/9978#wpcf7-f9994-o1\" method=\"post\" class=\"wpcf7-form init\" aria-label=\"Contact form\" enctype=\"multipart\/form-data\" novalidate=\"novalidate\" data-status=\"init\" data-trp-original-action=\"\/website_96915706\/en\/wp-json\/wp\/v2\/pages\/9978#wpcf7-f9994-o1\">\n<div style=\"display: none;\">\n<input type=\"hidden\" name=\"_wpcf7\" value=\"9994\" \/>\n<input type=\"hidden\" name=\"_wpcf7_version\" value=\"6.0.6\" \/>\n<input type=\"hidden\" name=\"_wpcf7_locale\" value=\"en_US\" \/>\n<input type=\"hidden\" name=\"_wpcf7_unit_tag\" value=\"wpcf7-f9994-o1\" \/>\n<input type=\"hidden\" name=\"_wpcf7_container_post\" value=\"0\" \/>\n<input type=\"hidden\" name=\"_wpcf7_posted_data_hash\" value=\"\" \/>\n<\/div>\n<div class=\"edgtf-contact\">\n\t<p><span class=\"wpcf7-form-control-wrap\" data-name=\"your-name\"><input size=\"40\" maxlength=\"400\" class=\"wpcf7-form-control wpcf7-text wpcf7-validates-as-required\" aria-required=\"true\" aria-invalid=\"false\" placeholder=\"NAME\" value=\"\" type=\"text\" name=\"your-name\" \/><\/span><br \/>\n<span class=\"wpcf7-form-control-wrap\" data-name=\"your-email\"><input size=\"40\" maxlength=\"400\" class=\"wpcf7-form-control wpcf7-email wpcf7-validates-as-required wpcf7-text wpcf7-validates-as-email\" aria-required=\"true\" aria-invalid=\"false\" placeholder=\"E-mail\" value=\"\" type=\"email\" name=\"your-email\" \/><\/span><br \/>\n<span class=\"wpcf7-form-control-wrap\" data-name=\"ASSUNTO\"><select class=\"wpcf7-form-control wpcf7-select wpcf7-validates-as-required\" aria-required=\"true\" aria-invalid=\"false\" name=\"ASSUNTO\"><option value=\"SELECIONE A SUA \u00c1REA\">SELECIONE A SUA \u00c1REA<\/option><option value=\"Produ\u00e7\u00e3o e Log\u00edstica\">Produ\u00e7\u00e3o e Log\u00edstica<\/option><option value=\"Distribui\u00e7\u00e3o\">Distribui\u00e7\u00e3o<\/option><option value=\"Administrativa e Financeira\">Administrativa e Financeira<\/option><option value=\"Comercial e Marketing\">Comercial e Marketing<\/option><option value=\"Planeamento e Compras\">Planeamento e Compras<\/option><\/select><\/span><br \/>\n<span class=\"wpcf7-form-control-wrap\" data-name=\"your-message\"><textarea cols=\"40\" rows=\"10\" maxlength=\"2000\" class=\"wpcf7-form-control wpcf7-textarea wpcf7-validates-as-required\" aria-required=\"true\" aria-invalid=\"false\" placeholder=\"MESSAGE\" name=\"your-message\"><\/textarea><\/span><br \/>\n<span class=\"wpcf7-form-control-wrap\" data-name=\"ANEXAR\"><input size=\"40\" class=\"wpcf7-form-control wpcf7-file\" accept=\".jpg,.png,.tiff,.pdf,.doc,.docx\" aria-invalid=\"false\" type=\"file\" name=\"ANEXAR\" \/><\/span><br \/>\n<span class=\"wpcf7-form-control-wrap\" data-name=\"privacidade\"><span class=\"wpcf7-form-control wpcf7-acceptance optional\"><span class=\"wpcf7-list-item\"><label><input type=\"checkbox\" name=\"privacidade\" value=\"1\" aria-invalid=\"false\" \/><span class=\"wpcf7-list-item-label\">I agree with <a href=\"https:\/\/frijobel.pt\/website_96915706\/en\/politica-de-privacidade\/\" target=\"blank\">privacy policy.<\/a>.<\/span><\/label><\/span><\/span><\/span><br \/>\n<input class=\"wpcf7-form-control wpcf7-submit has-spinner\" type=\"submit\" value=\"SEND\" \/>\n\t<\/p>\n<\/div><div class=\"wpcf7-response-output\" aria-hidden=\"true\"><\/div>\n<input type=\"hidden\" name=\"trp-form-language\" value=\"en\"\/><\/form>\n<\/div>\n\t\t<\/div>\n\t<\/div>\n<\/div><\/div><\/div><\/div><\/div><\/div><\/div><\/div><div class=\"edgtf-row-grid-section-wrapper\"  ><div class=\"edgtf-row-grid-section\"><div data-edgtf-anchor=\"fale-connosco-form-contact\" class=\"vc_row wpb_row vc_row-fluid vc_custom_1605305659092 vc_row-o-content-middle vc_row-flex\" ><div class=\"wpb_column vc_column_container vc_col-sm-12\"><div class=\"vc_column-inner\"><div class=\"wpb_wrapper\"><div class=\"edgtf-elements-holder  edgtf-eh-full-height edgtf-one-column  edgtf-responsive-mode-768 edgtf-one-column-alignment-left\" ><div class=\"edgtf-eh-item\"  data-item-class=\"edgtf-eh-custom-8418\" data-1367-1600=\"3% 2% 3% 2%\" data-1025-1366=\"3% 2% 3% 2%\" data-769-1024=\"3% 2% 3% 2%\" data-681-768=\"3% 2% 3% 2%\" data-680=\"3% 2% 3% 2%\">\n\t<div class=\"edgtf-eh-item-inner\">\n\t\t<div class=\"edgtf-eh-item-content edgtf-eh-custom-8418\" style=\"padding: 3% 0 3% 0\">\n\t\t\t<div class=\"vc_empty_space\"   style=\"height: 20px\"><span class=\"vc_empty_space_inner\"><\/span><\/div>\n\t<div class=\"wpb_text_column wpb_content_element\" >\n\t\t<div class=\"wpb_wrapper\">\n\t\t\t<h4><span style=\"color: #333333;\"><strong>ACTIVITY AREAS<\/strong><\/span><\/h4>\n\n\t\t<\/div>\n\t<\/div>\n<div class=\"edgtf-accordion-holder edgtf-ac-default  edgtf-accordion edgtf-ac-simple  clearfix\">\n\t<h5 class=\"edgtf-accordion-title\">\n\t<span class=\"edgtf-tab-title\">LOGISTICS AND PRODUCTION<\/span>\n    <span class=\"edgtf-accordion-mark\">\n\t\t<span class=\"edgtf_icon_plus fas fa-chevron-down\"><\/span>\n\t\t<span class=\"edgtf_icon_minus icon_minus-06\"><\/span>\n\t<\/span>\n<\/h5>\n<div class=\"edgtf-accordion-content\">\n\t<div class=\"edgtf-accordion-content-inner\">\n\t\t\n\t<div class=\"wpb_text_column wpb_content_element\" >\n\t\t<div class=\"wpb_wrapper\">\n\t\t\t<p>Responsible for taking care of the product, since it enters our facilities to be transformed, until it's sent to our costumers. Dynamism, adaptability and high degree of responsibility.<\/p>\n\n\t\t<\/div>\n\t<\/div>\n\t<\/div>\n<\/div><h5 class=\"edgtf-accordion-title\">\n\t<span class=\"edgtf-tab-title\">DISTRIBUTION<\/span>\n    <span class=\"edgtf-accordion-mark\">\n\t\t<span class=\"edgtf_icon_plus fas fa-chevron-down\"><\/span>\n\t\t<span class=\"edgtf_icon_minus icon_minus-06\"><\/span>\n\t<\/span>\n<\/h5>\n<div class=\"edgtf-accordion-content\">\n\t<div class=\"edgtf-accordion-content-inner\">\n\t\t\n\t<div class=\"wpb_text_column wpb_content_element\" >\n\t\t<div class=\"wpb_wrapper\">\n\t\t\t<p>Like for the delivery of our work outcome to our costumers, with the biggest finesse and responsibility. Includes the obligation of having truck's driver's license and CAM.<br \/>\ndelicadeza e responsabilidade. Inclui a obrigatoriedade de ter carta de condu\u00e7\u00e3o de pesados de mercadorias e CAM.<\/p>\n\n\t\t<\/div>\n\t<\/div>\n\t<\/div>\n<\/div><h5 class=\"edgtf-accordion-title\">\n\t<span class=\"edgtf-tab-title\">ADMINISTRATIVE AND FINANCIAL<\/span>\n    <span class=\"edgtf-accordion-mark\">\n\t\t<span class=\"edgtf_icon_plus fas fa-chevron-down\"><\/span>\n\t\t<span class=\"edgtf_icon_minus icon_minus-06\"><\/span>\n\t<\/span>\n<\/h5>\n<div class=\"edgtf-accordion-content\">\n\t<div class=\"edgtf-accordion-content-inner\">\n\t\t\n\t<div class=\"wpb_text_column wpb_content_element\" >\n\t\t<div class=\"wpb_wrapper\">\n\t\t\t<p>Includes the support area in the accounting area, treasury and support to the company's operation processes. High capacity of planning and analytic capacity and detail orientation.<\/p>\n\n\t\t<\/div>\n\t<\/div>\n\t<\/div>\n<\/div><h5 class=\"edgtf-accordion-title\">\n\t<span class=\"edgtf-tab-title\">COMMERCIAL AND MARKETING<\/span>\n    <span class=\"edgtf-accordion-mark\">\n\t\t<span class=\"edgtf_icon_plus fas fa-chevron-down\"><\/span>\n\t\t<span class=\"edgtf_icon_minus icon_minus-06\"><\/span>\n\t<\/span>\n<\/h5>\n<div class=\"edgtf-accordion-content\">\n\t<div class=\"edgtf-accordion-content-inner\">\n\t\t\n\t<div class=\"wpb_text_column wpb_content_element\" >\n\t\t<div class=\"wpb_wrapper\">\n\t\t\t<p>Presents an exciting challenge in terms of career. Responsible for making known our company and its values. Implement new ideas or ways to achieve goals are essential to the desired profile.<\/p>\n\n\t\t<\/div>\n\t<\/div>\n\t<\/div>\n<\/div><h5 class=\"edgtf-accordion-title\">\n\t<span class=\"edgtf-tab-title\">PLANNING AND PURCHASING<\/span>\n    <span class=\"edgtf-accordion-mark\">\n\t\t<span class=\"edgtf_icon_plus fas fa-chevron-down\"><\/span>\n\t\t<span class=\"edgtf_icon_minus icon_minus-06\"><\/span>\n\t<\/span>\n<\/h5>\n<div class=\"edgtf-accordion-content\">\n\t<div class=\"edgtf-accordion-content-inner\">\n\t\t\n\t<div class=\"wpb_text_column wpb_content_element\" >\n\t\t<div class=\"wpb_wrapper\">\n\t\t\t<p>Comprehends the monitorization of products, since its origin to delivery to the customer. Planning capacity, control and organization, teamwork and interpersonal relationship.<\/p>\n\n\t\t<\/div>\n\t<\/div>\n\t<\/div>\n<\/div><\/div>\t\t<\/div>\n\t<\/div>\n<\/div><\/div><\/div><\/div><\/div><\/div><\/div><\/div><div data-edgtf-anchor=\"onde-estamos\" class=\"vc_row wpb_row vc_row-fluid vc_row-o-content-middle vc_row-flex\" style=\"background-color:#ee8829\"><div class=\"wpb_column vc_column_container vc_col-sm-4\"><div class=\"vc_column-inner\"><div class=\"wpb_wrapper\"><div class=\"vc_row wpb_row vc_inner vc_row-fluid\" ><div class=\"wpb_column vc_column_container vc_col-sm-12 vc_hidden-sm vc_hidden-xs\"><div class=\"vc_column-inner\"><div class=\"wpb_wrapper\"><div class=\"edgtf-elements-holder   edgtf-one-column  edgtf-responsive-mode-768 edgtf-one-column-alignment-center\" ><div class=\"edgtf-eh-item\"  data-item-class=\"edgtf-eh-custom-6085\" data-1367-1600=\"5% 0 4% 5%\" data-1025-1366=\"5% 0 4% 5%\" data-769-1024=\"5% 0 4% 5%\" data-681-768=\"5% 0 4% 5%\" data-680=\"5% 0 4% 5%\">\n\t<div class=\"edgtf-eh-item-inner\">\n\t\t<div class=\"edgtf-eh-item-content edgtf-eh-custom-6085\" style=\"padding: 5% 0 4% 5%\">\n\t\t\t<div class=\"edgtf-section-title-holder  edgtf-st-standard edgtf-st-left edgtf-st-normal-space\" >\n\t<div class=\"edgtf-st-inner\">\n\t\t\t\t\t<h2 class=\"edgtf-st-title\" style=\"color: #ffffff\">\n\t\t\t\t<span class=\"edgtf-st-title-bold\">WHERE<\/span> <span class=\"edgtf-st-title-light\">ARE WE?<\/span>\t\t\t<\/h2>\n\t\t\t\t\t\t\t<p class=\"edgtf-st-text\" style=\"color: #ffffff;font-size: 16px;font-weight: 700\">\n\t\t\t\tPORTUGAL\t\t\t<\/p>\n\t\t\t<\/div>\n<\/div><div class=\"vc_empty_space\"   style=\"height: 12px\"><span class=\"vc_empty_space_inner\"><\/span><\/div><div class=\"edgtf-icon-list-holder\" >\n\t<div class=\"edgtf-il-icon-holder\">\n\t\t<i class=\"edgtf-icon-font-awesome fa fa-map-pin\" style=\"color: #ffffff;font-size: 20px\"><\/i>\t<\/div>\n\t<p class=\"edgtf-il-text\" style=\"color: #ffffff;padding-left: 28px\">Espinheiro 3230-231 PENELA<\/p>\n<\/div><div class=\"vc_empty_space\"   style=\"height: 12px\"><span class=\"vc_empty_space_inner\"><\/span><\/div><div class=\"edgtf-icon-list-holder\" >\n\t<div class=\"edgtf-il-icon-holder\">\n\t\t<i class=\"edgtf-icon-font-awesome fa fa-mobile\" style=\"color: #ffffff;font-size: 23px\"><\/i>\t<\/div>\n\t<p class=\"edgtf-il-text\" style=\"color: #ffffff;padding-left: 28px\">+351 239 569 222<\/p>\n<\/div><div class=\"vc_empty_space\"   style=\"height: 12px\"><span class=\"vc_empty_space_inner\"><\/span><\/div><div class=\"edgtf-icon-list-holder\" >\n\t<div class=\"edgtf-il-icon-holder\">\n\t\t<i class=\"edgtf-icon-font-awesome fa fa-print\" style=\"color: #ffffff;font-size: 23px\"><\/i>\t<\/div>\n\t<p class=\"edgtf-il-text\" style=\"color: #ffffff;padding-left: 28px\">+351 239 569 333<\/p>\n<\/div><div class=\"vc_empty_space\"   style=\"height: 12px\"><span class=\"vc_empty_space_inner\"><\/span><\/div><div class=\"edgtf-icon-list-holder\" >\n\t<div class=\"edgtf-il-icon-holder\">\n\t\t<i class=\"edgtf-icon-font-awesome fa fa-envelope\" style=\"color: #ffffff;font-size: 20px\"><\/i>\t<\/div>\n\t<p class=\"edgtf-il-text\" style=\"color: #ffffff;padding-left: 28px\">FRIJOBEL@FRIJOBEL.PT<\/p>\n<\/div>\t\t<\/div>\n\t<\/div>\n<\/div><\/div><\/div><\/div><\/div><\/div><div class=\"vc_row wpb_row vc_inner vc_row-fluid\" ><div class=\"wpb_column vc_column_container vc_col-sm-12 vc_hidden-lg vc_hidden-md\"><div class=\"vc_column-inner\"><div class=\"wpb_wrapper\"><div class=\"edgtf-elements-holder   edgtf-one-column edgtf-ehi-float edgtf-responsive-mode-1024 edgtf-one-column-alignment-left\" ><div class=\"edgtf-eh-item\"  data-item-class=\"edgtf-eh-custom-3882\" data-1367-1600=\"5% 0 4% 5%\" data-1025-1366=\"5% 0 4% 5%\" data-769-1024=\"5% 0 4% 5%\" data-681-768=\"5% 0 4% 5%\" data-680=\"5% 0 4% 5%\">\n\t<div class=\"edgtf-eh-item-inner\">\n\t\t<div class=\"edgtf-eh-item-content edgtf-eh-custom-3882\" style=\"padding: 5% 0 4% 5%\">\n\t\t\t<div class=\"edgtf-section-title-holder  edgtf-st-standard edgtf-st-left edgtf-st-normal-space\" >\n\t<div class=\"edgtf-st-inner\">\n\t\t\t\t\t<h2 class=\"edgtf-st-title\" style=\"color: #ffffff\">\n\t\t\t\t<span class=\"edgtf-st-title-bold\">WHERE<\/span> <span class=\"edgtf-st-title-light\">ARE WE?<\/span>\t\t\t<\/h2>\n\t\t\t\t\t\t\t<p class=\"edgtf-st-text\" style=\"color: #ffffff;font-size: 16px;font-weight: 700\">\n\t\t\t\tPORTUGAL\t\t\t<\/p>\n\t\t\t<\/div>\n<\/div><div class=\"vc_empty_space\"   style=\"height: 12px\"><span class=\"vc_empty_space_inner\"><\/span><\/div><div class=\"edgtf-icon-list-holder\" >\n\t<div class=\"edgtf-il-icon-holder\">\n\t\t<i class=\"edgtf-icon-font-awesome fa fa-map-pin\" style=\"color: #ffffff;font-size: 20px\"><\/i>\t<\/div>\n\t<p class=\"edgtf-il-text\" style=\"color: #ffffff;padding-left: 28px\">Apartado 34 | Espinheiro 3230-231 PENELA<\/p>\n<\/div><div class=\"vc_empty_space\"   style=\"height: 12px\"><span class=\"vc_empty_space_inner\"><\/span><\/div><div class=\"edgtf-icon-list-holder\" >\n\t<div class=\"edgtf-il-icon-holder\">\n\t\t<i class=\"edgtf-icon-font-awesome fa fa-mobile\" style=\"color: #ffffff;font-size: 23px\"><\/i>\t<\/div>\n\t<p class=\"edgtf-il-text\" style=\"color: #ffffff;padding-left: 28px\">+351 239 569 222<\/p>\n<\/div><div class=\"vc_empty_space\"   style=\"height: 12px\"><span class=\"vc_empty_space_inner\"><\/span><\/div><div class=\"edgtf-icon-list-holder\" >\n\t<div class=\"edgtf-il-icon-holder\">\n\t\t<i class=\"edgtf-icon-font-awesome fa fa-print\" style=\"color: #ffffff;font-size: 23px\"><\/i>\t<\/div>\n\t<p class=\"edgtf-il-text\" style=\"color: #ffffff;padding-left: 28px\">+351 239 569 333<\/p>\n<\/div><div class=\"vc_empty_space\"   style=\"height: 12px\"><span class=\"vc_empty_space_inner\"><\/span><\/div><div class=\"edgtf-icon-list-holder\" >\n\t<div class=\"edgtf-il-icon-holder\">\n\t\t<i class=\"edgtf-icon-font-awesome fa fa-envelope\" style=\"color: #ffffff;font-size: 20px\"><\/i>\t<\/div>\n\t<p class=\"edgtf-il-text\" style=\"color: #ffffff;padding-left: 28px\">FRIJOBEL@FRIJOBEL.PT<\/p>\n<\/div>\t\t<\/div>\n\t<\/div>\n<\/div><\/div><\/div><\/div><\/div><\/div><\/div><\/div><\/div><div class=\"wpb_column vc_column_container vc_col-sm-8\"><div class=\"vc_column-inner\"><div class=\"wpb_wrapper\"><div class=\"wpb_gmaps_widget wpb_content_element vc_map_responsive\"><div class=\"wpb_wrapper\"><div class=\"wpb_map_wraper\"><iframe src=\"https:\/\/www.google.com\/maps\/embed?pb=!1m18!1m12!1m3!1d3055.035560364623!2d-8.413678584615788!3d40.029985479411856!2m3!1f0!2f0!3f0!3m2!1i1024!2i768!4f13.1!3m3!1m2!1s0xd22f491383d8c0b%3A0xf68188966d68dbf7!2sFRIJOBEL%20S.A.!5e0!3m2!1sen!2spt!4v1614200303172!5m2!1sen!2spt\" width=\"600\" height=\"450\" style=\"border:0;\" allowfullscreen=\"\" loading=\"lazy\"><\/iframe><\/div><\/div><\/div><\/div><\/div><\/div><\/div>\n<\/div>","protected":false},"excerpt":{"rendered":"TRABALHAR NA FRIJOBEL ENVIE-NOS A SUA CANDIDATURA VENHA TRABALHAR CONNOSCO! Temos metas ambiciosas. Vivemos um compromisso s\u00e9rio com a procura de melhoria cont\u00ednua, sempre com o cliente como foco principal, e para maximizar a efici\u00eancia dos processos e o trabalho [...]","protected":false},"author":1,"featured_media":0,"parent":0,"menu_order":0,"comment_status":"closed","ping_status":"closed","template":"full-width.php","meta":{"footnotes":""},"class_list":["post-9978","page","type-page","status-publish","hentry"],"_links":{"self":[{"href":"https:\/\/frijobel.pt\/website_96915706\/en\/wp-json\/wp\/v2\/pages\/9978","targetHints":{"allow":["GET"]}}],"collection":[{"href":"https:\/\/frijobel.pt\/website_96915706\/en\/wp-json\/wp\/v2\/pages"}],"about":[{"href":"https:\/\/frijobel.pt\/website_96915706\/en\/wp-json\/wp\/v2\/types\/page"}],"author":[{"embeddable":true,"href":"https:\/\/frijobel.pt\/website_96915706\/en\/wp-json\/wp\/v2\/users\/1"}],"replies":[{"embeddable":true,"href":"https:\/\/frijobel.pt\/website_96915706\/en\/wp-json\/wp\/v2\/comments?post=9978"}],"version-history":[{"count":9,"href":"https:\/\/frijobel.pt\/website_96915706\/en\/wp-json\/wp\/v2\/pages\/9978\/revisions"}],"predecessor-version":[{"id":11111,"href":"https:\/\/frijobel.pt\/website_96915706\/en\/wp-json\/wp\/v2\/pages\/9978\/revisions\/11111"}],"wp:attachment":[{"href":"https:\/\/frijobel.pt\/website_96915706\/en\/wp-json\/wp\/v2\/media?parent=9978"}],"curies":[{"name":"wp","href":"https:\/\/api.w.org\/{rel}","templated":true}]}}