{"id":3573,"date":"2020-07-13T17:16:25","date_gmt":"2020-07-13T17:16:25","guid":{"rendered":"http:\/\/www.frijobel.pt\/novo\/?post_type=product&#038;p=3573"},"modified":"2020-12-06T19:51:54","modified_gmt":"2020-12-06T19:51:54","slug":"lulas","status":"publish","type":"product","link":"https:\/\/frijobel.pt\/website_96915706\/de\/product\/lulas\/","title":{"rendered":"TINTENFISCHE"},"content":{"rendered":"<div class=\"wpb-content-wrapper\"><div class=\"edgtf-row-grid-section-wrapper\"  style=\"background-color:#ffffff\"><div class=\"edgtf-row-grid-section\"><div class=\"vc_row wpb_row vc_row-fluid vc_custom_1607283964941 vc_row-o-content-middle vc_row-flex\" ><div class=\"wpb_animate_when_almost_visible wpb_fadeIn fadeIn wpb_column vc_column_container vc_col-sm-12\"><div class=\"vc_column-inner\"><div class=\"wpb_wrapper\"><div class=\"edgtf-elements-holder   edgtf-one-column  edgtf-responsive-mode-768\" ><div class=\"edgtf-eh-item\"  data-item-class=\"edgtf-eh-custom-8062\">\n\t<div class=\"edgtf-eh-item-inner\">\n\t\t<div class=\"edgtf-eh-item-content edgtf-eh-custom-8062\" style=\"padding: 3% 0 0 0\">\n\t\t\t<div class=\"edgtf-portfolio-slider-holder\"><div class=\"edgtf-portfolio-list-holder edgtf-grid-list edgtf-disable-bottom-space edgtf-pl-gallery edgtf-four-columns edgtf-tiny-space edgtf-pl-standard-tilt    edgtf-pl-pag-no-pagination    edgtf-pl-info-skin-light edgtf-pag-below-slider  light\"  data-type=\"gallery\" data-number-of-columns=\"four\" data-space-between-items=\"tiny\" data-number-of-items=\"-1\" data-image-proportions=\"square\" data-enable-fixed-proportions=\"no\" data-enable-image-shadow=\"no\" data-category=\"receitas-frijobel\" data-selected-projects=\"6146,5909,5880,6043\" data-orderby=\"title\" data-order=\"ASC\" data-item-style=\"standard-tilt\" data-enable-title=\"yes\" data-title-tag=\"h4\" data-title-text-transform=\"uppercase\" data-enable-category=\"no\" data-enable-count-images=\"yes\" data-enable-excerpt=\"yes\" data-excerpt-length=\"65\" data-pagination-type=\"no-pagination\" data-filter=\"no\" data-filter-order-by=\"name\" data-enable-article-animation=\"no\" data-portfolio-slider-on=\"yes\" data-enable-fullheight=\"no\" data-enable-loop=\"yes\" data-enable-autoplay=\"yes\" data-slider-speed=\"5000\" data-slider-speed-animation=\"600\" data-enable-navigation=\"no\" data-enable-pagination=\"yes\" data-pagination-skin=\"light\" data-info-skin=\"light\" data-pagination-position=\"below-slider\" data-max-num-pages=\"0\" data-next-page=\"2\">\n\t\t<div class=\"edgtf-pl-inner edgtf-outer-space edgtf-owl-slider edgtf-list-is-slider clearfix\">\n\t\t<article class=\"edgtf-pl-item edgtf-item-space edgtf-masonry-size-small post-5880 portfolio-item type-portfolio-item status-publish has-post-thumbnail hentry portfolio-category-marisco portfolio-category-receitas-frijobel portfolio-tag-cefalopodes portfolio-tag-legumes portfolio-tag-prato-principal\">\n\t<div class=\"edgtf-pl-item-inner\">\n\t\t<div class=\"edgtf-pli-image\">\n\t<img loading=\"lazy\" decoding=\"async\" width=\"550\" height=\"506\" src=\"https:\/\/frijobel.pt\/website_96915706\/wp-content\/uploads\/2020\/11\/choco-frito_thumbs-550x506.jpg\" class=\"attachment-kenozoik_edge_image_square size-kenozoik_edge_image_square wp-post-image\" alt=\"\" \/><\/div>\n<div class=\"edgtf-pli-text-holder\" >\n\t<div class=\"edgtf-pli-text-wrapper\">\n\t\t<div class=\"edgtf-pli-text\">\n\t\t\t\t<h4 itemprop=\"name\" class=\"edgtf-pli-title entry-title\" style=\"text-transform: uppercase\">\n\t\tChoco Frito\t<\/h4>\n\n\t\t\t\n\t\t\t\n\t\t\t\t<p itemprop=\"description\" class=\"edgtf-pli-excerpt\">Hauptgericht | 2 Std. 25 Min. | 4 Personen<\/p>\n\t\t<\/div>\n\t<\/div>\n<\/div>\n\t\t<a itemprop=\"url\" class=\"edgtf-pli-link edgtf-block-drag-link\" href=\"https:\/\/frijobel.pt\/website_96915706\/de\/portfolio-item\/choco-frito\/\" target=\"_self\"><\/a>\n\t<\/div>\n<\/article><article class=\"edgtf-pl-item edgtf-item-space edgtf-masonry-size-small post-5909 portfolio-item type-portfolio-item status-publish has-post-thumbnail hentry portfolio-category-marisco portfolio-category-receitas-frijobel portfolio-tag-cefalopodes portfolio-tag-legumes portfolio-tag-prato-principal\">\n\t<div class=\"edgtf-pl-item-inner\">\n\t\t<div class=\"edgtf-pli-image\">\n\t<img loading=\"lazy\" decoding=\"async\" width=\"550\" height=\"506\" src=\"https:\/\/frijobel.pt\/website_96915706\/wp-content\/uploads\/2020\/11\/chowsen-lulas_thumbs-550x506.jpg\" class=\"attachment-kenozoik_edge_image_square size-kenozoik_edge_image_square wp-post-image\" alt=\"\" \/><\/div>\n<div class=\"edgtf-pli-text-holder\" >\n\t<div class=\"edgtf-pli-text-wrapper\">\n\t\t<div class=\"edgtf-pli-text\">\n\t\t\t\t<h4 itemprop=\"name\" class=\"edgtf-pli-title entry-title\" style=\"text-transform: uppercase\">\n\t\tCHOW MEIN  MIT TINTENFISCHEN\t<\/h4>\n\n\t\t\t\n\t\t\t\n\t\t\t\t<p itemprop=\"description\" class=\"edgtf-pli-excerpt\">Hauptgericht | 40 Min. | 4 Personen<\/p>\n\t\t<\/div>\n\t<\/div>\n<\/div>\n\t\t<a itemprop=\"url\" class=\"edgtf-pli-link edgtf-block-drag-link\" href=\"https:\/\/frijobel.pt\/website_96915706\/de\/portfolio-item\/chow-mein-de-lulas\/\" target=\"_self\"><\/a>\n\t<\/div>\n<\/article><article class=\"edgtf-pl-item edgtf-item-space edgtf-masonry-size-small post-6043 portfolio-item type-portfolio-item status-publish has-post-thumbnail hentry portfolio-category-marisco portfolio-category-receitas-frijobel portfolio-tag-cefalopodes portfolio-tag-legumes portfolio-tag-marisco portfolio-tag-prato-principal\">\n\t<div class=\"edgtf-pl-item-inner\">\n\t\t<div class=\"edgtf-pli-image\">\n\t<img loading=\"lazy\" decoding=\"async\" width=\"550\" height=\"506\" src=\"https:\/\/frijobel.pt\/website_96915706\/wp-content\/uploads\/2020\/11\/feijoada-choco-camarao_thumbs-550x506.jpg\" class=\"attachment-kenozoik_edge_image_square size-kenozoik_edge_image_square wp-post-image\" alt=\"\" \/><\/div>\n<div class=\"edgtf-pli-text-holder\" >\n\t<div class=\"edgtf-pli-text-wrapper\">\n\t\t<div class=\"edgtf-pli-text\">\n\t\t\t\t<h4 itemprop=\"name\" class=\"edgtf-pli-title entry-title\" style=\"text-transform: uppercase\">\n\t\tBOHNENEINTOFP MIT SEPIA UND GARNELEN\t<\/h4>\n\n\t\t\t\n\t\t\t\n\t\t\t\t<p itemprop=\"description\" class=\"edgtf-pli-excerpt\">Hauptgericht | 35 Min. | 4 Personen<\/p>\n\t\t<\/div>\n\t<\/div>\n<\/div>\n\t\t<a itemprop=\"url\" class=\"edgtf-pli-link edgtf-block-drag-link\" href=\"https:\/\/frijobel.pt\/website_96915706\/de\/portfolio-item\/feijoada-de-choco-e-camarao\/\" target=\"_self\"><\/a>\n\t<\/div>\n<\/article><article class=\"edgtf-pl-item edgtf-item-space edgtf-masonry-size-small post-6146 portfolio-item type-portfolio-item status-publish has-post-thumbnail hentry portfolio-category-marisco portfolio-category-receitas-frijobel portfolio-tag-cefalopodes portfolio-tag-entradas portfolio-tag-pre-cozinhado\">\n\t<div class=\"edgtf-pl-item-inner\">\n\t\t<div class=\"edgtf-pli-image\">\n\t<img loading=\"lazy\" decoding=\"async\" width=\"550\" height=\"506\" src=\"https:\/\/frijobel.pt\/website_96915706\/wp-content\/uploads\/2020\/11\/lulas-a-dore_thumbs-550x506.jpg\" class=\"attachment-kenozoik_edge_image_square size-kenozoik_edge_image_square wp-post-image\" alt=\"\" \/><\/div>\n<div class=\"edgtf-pli-text-holder\" >\n\t<div class=\"edgtf-pli-text-wrapper\">\n\t\t<div class=\"edgtf-pli-text\">\n\t\t\t\t<h4 itemprop=\"name\" class=\"edgtf-pli-title entry-title\" style=\"text-transform: uppercase\">\n\t\tGOLDENE TINTENFISCHRINGE\t<\/h4>\n\n\t\t\t\n\t\t\t\n\t\t\t\t<p itemprop=\"description\" class=\"edgtf-pli-excerpt\">Vorspeise | 50 minuten | 4 Personen<\/p>\n\t\t<\/div>\n\t<\/div>\n<\/div>\n\t\t<a itemprop=\"url\" class=\"edgtf-pli-link edgtf-block-drag-link\" href=\"https:\/\/frijobel.pt\/website_96915706\/de\/portfolio-item\/lulas-a-dore-com-dois-molhos\/\" target=\"_self\"><\/a>\n\t<\/div>\n<\/article>\t<\/div>\n\t\n\t<\/div><\/div>\t\t<\/div>\n\t<\/div>\n<\/div><\/div><\/div><\/div><\/div><\/div><\/div><\/div>\n<\/div>","protected":false},"excerpt":{"rendered":"<p><strong>WISSENSCHAFTLICHE BEZEICHNUNG:\u00a0 <span style=\"font-weight: 400;\">Loligo gahi \/ vulgaris \/ reunaudi, Uroteuthis duvauceli<\/span><\/strong><br \/>\n<strong>HERKUNFT: <\/strong>S\u00fcd\u00f6stlicher Atlantik- FAO 41, S\u00fcd\u00f6stlicher Atlantik- FAO 47,\u00a0 Mitte - Osten des Atlantik \u2013 FAO 34, \u00f6stlicher indischer Ozean \u2013 FAO 51<br \/>\n<strong>VARIET\u00c4TEN:<\/strong> Patagonischer Tintenfisch, S\u00fcdafrikanischer Tintenfisch, ausgenommener Tintenfisch<br \/>\n<strong>GR\u00d6SSE: <span style=\"font-weight: 400;\">7\/10, 10\/12, 12\/16, 16\/18, 18\/21, 21\/25 e 25; U5, U10, 10\/20, 20\/40<\/span><\/strong><br \/>\n<strong>VERPACKUNG:\u00a0<\/strong> Beutel, Block,  lose<\/p>\n<p>&nbsp;<\/p>","protected":false},"featured_media":3458,"template":"","meta":[],"product_brand":[],"product_cat":[519],"product_tag":[520,370,343],"class_list":{"0":"post-3573","1":"product","2":"type-product","3":"status-publish","4":"has-post-thumbnail","6":"product_cat-cefalopodes","7":"product_tag-cefalopode","8":"product_tag-lulas","9":"product_tag-molusco","11":"first","12":"instock","13":"shipping-taxable","14":"product-type-simple"},"_links":{"self":[{"href":"https:\/\/frijobel.pt\/website_96915706\/de\/wp-json\/wp\/v2\/product\/3573","targetHints":{"allow":["GET"]}}],"collection":[{"href":"https:\/\/frijobel.pt\/website_96915706\/de\/wp-json\/wp\/v2\/product"}],"about":[{"href":"https:\/\/frijobel.pt\/website_96915706\/de\/wp-json\/wp\/v2\/types\/product"}],"wp:featuredmedia":[{"embeddable":true,"href":"https:\/\/frijobel.pt\/website_96915706\/de\/wp-json\/wp\/v2\/media\/3458"}],"wp:attachment":[{"href":"https:\/\/frijobel.pt\/website_96915706\/de\/wp-json\/wp\/v2\/media?parent=3573"}],"wp:term":[{"taxonomy":"product_brand","embeddable":true,"href":"https:\/\/frijobel.pt\/website_96915706\/de\/wp-json\/wp\/v2\/product_brand?post=3573"},{"taxonomy":"product_cat","embeddable":true,"href":"https:\/\/frijobel.pt\/website_96915706\/de\/wp-json\/wp\/v2\/product_cat?post=3573"},{"taxonomy":"product_tag","embeddable":true,"href":"https:\/\/frijobel.pt\/website_96915706\/de\/wp-json\/wp\/v2\/product_tag?post=3573"}],"curies":[{"name":"wp","href":"https:\/\/api.w.org\/{rel}","templated":true}]}}