{"id":5114,"date":"2020-11-14T15:13:46","date_gmt":"2020-11-14T15:13:46","guid":{"rendered":"http:\/\/www.frijobel.pt\/novo\/?page_id=5114"},"modified":"2021-02-05T12:31:20","modified_gmt":"2021-02-05T12:31:20","slug":"receitas","status":"publish","type":"page","link":"https:\/\/frijobel.pt\/es\/receitas\/","title":{"rendered":"RECETAS"},"content":{"rendered":"<div class=\"wpb-content-wrapper\"><div data-parallax-bg-image=\"https:\/\/frijobel.pt\/wp-content\/uploads\/2020\/11\/RECEITAS_bg.jpg\" data-parallax-bg-speed=\"1\" class=\"vc_row wpb_row vc_row-fluid vc_custom_1612528255328 vc_row-has-fill edgtf-parallax-row-holder\" ><div class=\"wpb_column vc_column_container vc_col-sm-12 vc_col-has-fill\"><div class=\"vc_column-inner vc_custom_1606265377288\"><div class=\"wpb_wrapper\"><div class=\"edgtf-elements-holder   edgtf-one-column  edgtf-responsive-mode-768\" ><div class=\"edgtf-eh-item   edgtf-horizontal-alignment-center\"  data-item-class=\"edgtf-eh-custom-3894\" data-1367-1600=\"25% 0 20% 0\" data-1025-1366=\"20% 0 20% 0\" data-769-1024=\"60% 0 55% 0\" data-681-768=\"60% 0 50% 0\" data-680=\"83% 0 80% 0\">\n\t<div class=\"edgtf-eh-item-inner\">\n\t\t<div class=\"edgtf-eh-item-content edgtf-eh-custom-3894\" style=\"padding: 27% 0 22% 0\">\n\t\t\t<div class=\"edgtf-section-title-holder  edgtf-st-standard edgtf-st-center edgtf-st-normal-space\" style=\"padding: 0 10%\">\n\t<div class=\"edgtf-st-inner\">\n\t\t\t\t\t<h1 class=\"edgtf-st-title translation-block\" style=\"color: #ffffff\">RECETAS DE LA CASA<\/h1>\n\t\t\t\t\t\t\t<p class=\"edgtf-st-text\" style=\"color: #ffffff;font-size: 22px;font-weight: 400\">\n\t\t\t\tSABORES EXCLUSIVOS FRIJOBEL\t\t\t<\/p>\n\t\t\t<\/div>\n<\/div><div class=\"vc_empty_space\"   style=\"height: 52px\"><span class=\"vc_empty_space_inner\"><\/span><\/div>\t\t<\/div>\n\t<\/div>\n<\/div><\/div><\/div><\/div><\/div><\/div><div data-vc-full-width=\"true\" data-vc-full-width-init=\"false\" data-vc-stretch-content=\"true\" class=\"vc_row wpb_row vc_row-fluid vc_custom_1605316696688 vc_row-no-padding vc_row-o-full-height vc_row-o-columns-middle vc_row-o-content-middle vc_row-flex\" style=\"background-color:#f2f2f2\"><div class=\"wpb_animate_when_almost_visible wpb_fadeIn fadeIn wpb_column vc_column_container vc_col-sm-12\"><div class=\"vc_column-inner\"><div class=\"wpb_wrapper\"><div class=\"edgtf-portfolio-list-holder edgtf-grid-list edgtf-disable-bottom-space edgtf-pl-gallery edgtf-four-columns edgtf-tiny-space edgtf-pl-standard-tilt  edgtf-pl-has-shadow  edgtf-pl-pag-infinite-scroll\"  data-type=\"gallery\" data-number-of-columns=\"four\" data-space-between-items=\"tiny\" data-number-of-items=\"12\" data-image-proportions=\"square\" data-enable-fixed-proportions=\"no\" data-enable-image-shadow=\"yes\" data-category=\"receitas-frijobel\" data-orderby=\"title\" data-order=\"ASC\" data-item-style=\"standard-tilt\" data-enable-title=\"yes\" data-title-tag=\"h4\" data-title-text-transform=\"uppercase\" data-enable-category=\"no\" data-enable-count-images=\"no\" data-enable-excerpt=\"yes\" data-excerpt-length=\"65\" data-pagination-type=\"infinite-scroll\" data-filter=\"no\" data-filter-order-by=\"name\" data-enable-article-animation=\"no\" data-portfolio-slider-on=\"no\" data-enable-fullheight=\"yes\" data-enable-loop=\"yes\" data-enable-autoplay=\"yes\" data-slider-speed=\"5000\" data-slider-speed-animation=\"600\" data-enable-navigation=\"yes\" data-enable-pagination=\"yes\" data-max-num-pages=\"10\" data-next-page=\"2\">\n\t\t<div class=\"edgtf-pl-inner edgtf-outer-space  clearfix\">\n\t\t<article class=\"edgtf-pl-item edgtf-item-space edgtf-masonry-size-small post-3844 portfolio-item type-portfolio-item status-publish has-post-thumbnail hentry portfolio-category-pescado portfolio-category-receitas-frijobel portfolio-tag-legumes portfolio-tag-pescado portfolio-tag-postas portfolio-tag-prato-principal\">\n\t<div class=\"edgtf-pl-item-inner\">\n\t\t<div class=\"edgtf-pli-image\">\n\t<img loading=\"lazy\" decoding=\"async\" width=\"550\" height=\"506\" src=\"https:\/\/frijobel.pt\/wp-content\/uploads\/2020\/08\/abrotea_posta_thumbs-550x506.jpg\" class=\"attachment-kenozoik_edge_image_square size-kenozoik_edge_image_square wp-post-image\" alt=\"Posta de Abrota com batata thumbs\" \/><\/div>\n<div class=\"edgtf-pli-text-holder\" >\n\t<div class=\"edgtf-pli-text-wrapper\">\n\t\t<div class=\"edgtf-pli-text\">\n\t\t\t\t<h4 itemprop=\"name\" class=\"edgtf-pli-title entry-title\" style=\"text-transform: uppercase\">\n\t\tBR\u00d3TOLA CON PATATAS\t<\/h4>\n\n\t\t\t\n\t\t\t\n\t\t\t\t<p itemprop=\"description\" class=\"edgtf-pli-excerpt\">Plato principal | 6h30min | 4 personas<\/p>\n\t\t<\/div>\n\t<\/div>\n<\/div>\n\t\t<a itemprop=\"url\" class=\"edgtf-pli-link edgtf-block-drag-link\" href=\"https:\/\/frijobel.pt\/es\/portfolio-item\/abrotea-batatinha\/\" target=\"_self\"><\/a>\n\t<\/div>\n<\/article><article class=\"edgtf-pl-item edgtf-item-space edgtf-masonry-size-small post-3862 portfolio-item type-portfolio-item status-publish has-post-thumbnail hentry portfolio-category-marisco portfolio-category-receitas-frijobel portfolio-tag-marisco portfolio-tag-prato-principal\">\n\t<div class=\"edgtf-pl-item-inner\">\n\t\t<div class=\"edgtf-pli-image\">\n\t<img loading=\"lazy\" decoding=\"async\" width=\"550\" height=\"506\" src=\"https:\/\/frijobel.pt\/wp-content\/uploads\/2020\/08\/acorda_camaroes_thumbs-550x506.jpg\" class=\"attachment-kenozoik_edge_image_square size-kenozoik_edge_image_square wp-post-image\" alt=\"A\u00e7orda Camar\u00f5es Thumbs\" \/><\/div>\n<div class=\"edgtf-pli-text-holder\" >\n\t<div class=\"edgtf-pli-text-wrapper\">\n\t\t<div class=\"edgtf-pli-text\">\n\t\t\t\t<h4 itemprop=\"name\" class=\"edgtf-pli-title entry-title translation-block\" style=\"text-transform: uppercase\">\u00abA\u00c7ORDA\u00bb LANGOSTINOS<\/h4>\n\n\t\t\t\n\t\t\t\n\t\t\t\t<p itemprop=\"description\" class=\"edgtf-pli-excerpt\">Plato principal | 35 min | 4 personas<\/p>\n\t\t<\/div>\n\t<\/div>\n<\/div>\n\t\t<a itemprop=\"url\" class=\"edgtf-pli-link edgtf-block-drag-link\" href=\"https:\/\/frijobel.pt\/es\/portfolio-item\/acorda-camarao\/\" target=\"_self\"><\/a>\n\t<\/div>\n<\/article><article class=\"edgtf-pl-item edgtf-item-space edgtf-masonry-size-small post-3873 portfolio-item type-portfolio-item status-publish has-post-thumbnail hentry portfolio-category-marisco portfolio-category-pescado portfolio-category-receitas-frijobel portfolio-tag-bacalhau portfolio-tag-marisco portfolio-tag-pescado portfolio-tag-prato-principal\">\n\t<div class=\"edgtf-pl-item-inner\">\n\t\t<div class=\"edgtf-pli-image\">\n\t<img loading=\"lazy\" decoding=\"async\" width=\"550\" height=\"506\" src=\"https:\/\/frijobel.pt\/wp-content\/uploads\/2020\/08\/acorda_ovas_thumbs-550x506.jpg\" class=\"attachment-kenozoik_edge_image_square size-kenozoik_edge_image_square wp-post-image\" alt=\"A\u00e7orda de ovas com camar\u00e3o\" \/><\/div>\n<div class=\"edgtf-pli-text-holder\" >\n\t<div class=\"edgtf-pli-text-wrapper\">\n\t\t<div class=\"edgtf-pli-text\">\n\t\t\t\t<h4 itemprop=\"name\" class=\"edgtf-pli-title entry-title\" style=\"text-transform: uppercase\">\n\t\t\u00abA\u00c7ORDA\u00bb DE HUEVAS DE OVAS\t<\/h4>\n\n\t\t\t\n\t\t\t\n\t\t\t\t<p itemprop=\"description\" class=\"edgtf-pli-excerpt\">Plato principal | 45 min | 4 personas<\/p>\n\t\t<\/div>\n\t<\/div>\n<\/div>\n\t\t<a itemprop=\"url\" class=\"edgtf-pli-link edgtf-block-drag-link\" href=\"https:\/\/frijobel.pt\/es\/portfolio-item\/acorda-de-ovas\/\" target=\"_self\"><\/a>\n\t<\/div>\n<\/article><article class=\"edgtf-pl-item edgtf-item-space edgtf-masonry-size-small post-10938 portfolio-item type-portfolio-item status-publish has-post-thumbnail hentry portfolio-category-pescado portfolio-category-receitas-frijobel portfolio-tag-ameijoa portfolio-tag-entrada portfolio-tag-receitas\">\n\t<div class=\"edgtf-pl-item-inner\">\n\t\t<div class=\"edgtf-pli-image\">\n\t<img loading=\"lazy\" decoding=\"async\" width=\"550\" height=\"506\" src=\"https:\/\/frijobel.pt\/wp-content\/uploads\/2023\/09\/Icon-receitas-550x506-3.png\" class=\"attachment-kenozoik_edge_image_square size-kenozoik_edge_image_square wp-post-image\" alt=\"\" srcset=\"https:\/\/frijobel.pt\/wp-content\/uploads\/2023\/09\/Icon-receitas-550x506-3.png 550w, https:\/\/frijobel.pt\/wp-content\/uploads\/2023\/09\/Icon-receitas-550x506-3-300x276.png 300w, https:\/\/frijobel.pt\/wp-content\/uploads\/2023\/09\/Icon-receitas-550x506-3-13x12.png 13w\" sizes=\"auto, (max-width: 550px) 100vw, 550px\" \/><\/div>\n<div class=\"edgtf-pli-text-holder\" >\n\t<div class=\"edgtf-pli-text-wrapper\">\n\t\t<div class=\"edgtf-pli-text\">\n\t\t\t\t<h4 itemprop=\"name\" class=\"edgtf-pli-title entry-title\" style=\"text-transform: uppercase\">\n\t\tAM\u00caIJOAS AO ALHO\t<\/h4>\n\n\t\t\t\n\t\t\t\n\t\t\t\t<p itemprop=\"description\" class=\"edgtf-pli-excerpt\">Entrada | 30 min | 3 pessoas<\/p>\n\t\t<\/div>\n\t<\/div>\n<\/div>\n\t\t<a itemprop=\"url\" class=\"edgtf-pli-link edgtf-block-drag-link\" href=\"https:\/\/frijobel.pt\/es\/portfolio-item\/ameijoas-ao-alho\/\" target=\"_self\"><\/a>\n\t<\/div>\n<\/article><article class=\"edgtf-pl-item edgtf-item-space edgtf-masonry-size-small post-10269 portfolio-item type-portfolio-item status-publish has-post-thumbnail hentry portfolio-category-marisco portfolio-category-receitas-frijobel portfolio-tag-ameijoa portfolio-tag-camarao portfolio-tag-delicias portfolio-tag-marisco portfolio-tag-prato-principal\">\n\t<div class=\"edgtf-pl-item-inner\">\n\t\t<div class=\"edgtf-pli-image\">\n\t<img loading=\"lazy\" decoding=\"async\" width=\"550\" height=\"505\" src=\"https:\/\/frijobel.pt\/wp-content\/uploads\/2022\/05\/3-550x505.jpg\" class=\"attachment-kenozoik_edge_image_square size-kenozoik_edge_image_square wp-post-image\" alt=\"\" \/><\/div>\n<div class=\"edgtf-pli-text-holder\" >\n\t<div class=\"edgtf-pli-text-wrapper\">\n\t\t<div class=\"edgtf-pli-text\">\n\t\t\t\t<h4 itemprop=\"name\" class=\"edgtf-pli-title entry-title\" style=\"text-transform: uppercase\">\n\t\tARROZ DE MARISCO\t<\/h4>\n\n\t\t\t\n\t\t\t\n\t\t\t\t<p itemprop=\"description\" class=\"edgtf-pli-excerpt\">Prato Principal | 40min | 2 pessoas<\/p>\n\t\t<\/div>\n\t<\/div>\n<\/div>\n\t\t<a itemprop=\"url\" class=\"edgtf-pli-link edgtf-block-drag-link\" href=\"https:\/\/frijobel.pt\/es\/portfolio-item\/arroz-de-marisco\/\" target=\"_self\"><\/a>\n\t<\/div>\n<\/article><article class=\"edgtf-pl-item edgtf-item-space edgtf-masonry-size-small post-10917 portfolio-item type-portfolio-item status-publish has-post-thumbnail hentry portfolio-category-pescado portfolio-category-receitas-frijobel portfolio-tag-choco portfolio-tag-pescado portfolio-tag-prato-principal portfolio-tag-receitas\">\n\t<div class=\"edgtf-pl-item-inner\">\n\t\t<div class=\"edgtf-pli-image\">\n\t<img loading=\"lazy\" decoding=\"async\" width=\"550\" height=\"506\" src=\"https:\/\/frijobel.pt\/wp-content\/uploads\/2023\/09\/Icon-receitas-550x506-1.png\" class=\"attachment-kenozoik_edge_image_square size-kenozoik_edge_image_square wp-post-image\" alt=\"\" srcset=\"https:\/\/frijobel.pt\/wp-content\/uploads\/2023\/09\/Icon-receitas-550x506-1.png 550w, https:\/\/frijobel.pt\/wp-content\/uploads\/2023\/09\/Icon-receitas-550x506-1-300x276.png 300w, https:\/\/frijobel.pt\/wp-content\/uploads\/2023\/09\/Icon-receitas-550x506-1-13x12.png 13w\" sizes=\"auto, (max-width: 550px) 100vw, 550px\" \/><\/div>\n<div class=\"edgtf-pli-text-holder\" >\n\t<div class=\"edgtf-pli-text-wrapper\">\n\t\t<div class=\"edgtf-pli-text\">\n\t\t\t\t<h4 itemprop=\"name\" class=\"edgtf-pli-title entry-title\" style=\"text-transform: uppercase\">\n\t\tARROZ MALANDRINHO DE CHOCO COM TINTA\t<\/h4>\n\n\t\t\t\n\t\t\t\n\t\t\t\t<p itemprop=\"description\" class=\"edgtf-pli-excerpt\">Prato principal | 1h | 3 pessoas<\/p>\n\t\t<\/div>\n\t<\/div>\n<\/div>\n\t\t<a itemprop=\"url\" class=\"edgtf-pli-link edgtf-block-drag-link\" href=\"https:\/\/frijobel.pt\/es\/portfolio-item\/arroz-malandrinho-de-choco-com-tinta\/\" target=\"_self\"><\/a>\n\t<\/div>\n<\/article><article class=\"edgtf-pl-item edgtf-item-space edgtf-masonry-size-small post-3876 portfolio-item type-portfolio-item status-publish has-post-thumbnail hentry portfolio-category-pescado portfolio-category-receitas-frijobel portfolio-tag-legumes portfolio-tag-pescado portfolio-tag-prato-principal portfolio-tag-receitas\">\n\t<div class=\"edgtf-pl-item-inner\">\n\t\t<div class=\"edgtf-pli-image\">\n\t<img loading=\"lazy\" decoding=\"async\" width=\"550\" height=\"506\" src=\"https:\/\/frijobel.pt\/wp-content\/uploads\/2020\/08\/atum_grelhado_thumbs-550x506.jpg\" class=\"attachment-kenozoik_edge_image_square size-kenozoik_edge_image_square wp-post-image\" alt=\"Atum Grelhado com feij\u00e3o thumb\" \/><\/div>\n<div class=\"edgtf-pli-text-holder\" >\n\t<div class=\"edgtf-pli-text-wrapper\">\n\t\t<div class=\"edgtf-pli-text\">\n\t\t\t\t<h4 itemprop=\"name\" class=\"edgtf-pli-title entry-title\" style=\"text-transform: uppercase\">\n\t\tAT\u00daN A LA PLANCHA CON SALSA GIOVANA\t<\/h4>\n\n\t\t\t\n\t\t\t\n\t\t\t\t<p itemprop=\"description\" class=\"edgtf-pli-excerpt\">Plato principal | 1h40min | 2 personas<\/p>\n\t\t<\/div>\n\t<\/div>\n<\/div>\n\t\t<a itemprop=\"url\" class=\"edgtf-pli-link edgtf-block-drag-link\" href=\"https:\/\/frijobel.pt\/es\/portfolio-item\/atum-grelhado-molho\/\" target=\"_self\"><\/a>\n\t<\/div>\n<\/article><article class=\"edgtf-pl-item edgtf-item-space edgtf-masonry-size-small post-10229 portfolio-item type-portfolio-item status-publish has-post-thumbnail hentry portfolio-category-pescado portfolio-category-receitas-frijobel portfolio-tag-bacalhau portfolio-tag-pescado portfolio-tag-prato-principal\">\n\t<div class=\"edgtf-pl-item-inner\">\n\t\t<div class=\"edgtf-pli-image\">\n\t<img loading=\"lazy\" decoding=\"async\" width=\"550\" height=\"504\" src=\"https:\/\/frijobel.pt\/wp-content\/uploads\/2022\/05\/19.04_POST-e1653036969726-concentrate-5-e1653060400976-550x504.jpg\" class=\"attachment-kenozoik_edge_image_square size-kenozoik_edge_image_square wp-post-image\" alt=\"\" \/><\/div>\n<div class=\"edgtf-pli-text-holder\" >\n\t<div class=\"edgtf-pli-text-wrapper\">\n\t\t<div class=\"edgtf-pli-text\">\n\t\t\t\t<h4 itemprop=\"name\" class=\"edgtf-pli-title entry-title\" style=\"text-transform: uppercase\">\n\t\tBACALHAU \u00c0 Z\u00c9 DO PIPO COM CROCANTE DE BROA\t<\/h4>\n\n\t\t\t\n\t\t\t\n\t\t\t\t<p itemprop=\"description\" class=\"edgtf-pli-excerpt\">Prato Principal | 2h | 4 pessoas<\/p>\n\t\t<\/div>\n\t<\/div>\n<\/div>\n\t\t<a itemprop=\"url\" class=\"edgtf-pli-link edgtf-block-drag-link\" href=\"https:\/\/frijobel.pt\/es\/portfolio-item\/bacalhau-a-ze-do-pipo-com-crocante-de-broa\/\" target=\"_self\"><\/a>\n\t<\/div>\n<\/article><article class=\"edgtf-pl-item edgtf-item-space edgtf-masonry-size-small post-10546 portfolio-item type-portfolio-item status-publish has-post-thumbnail hentry portfolio-category-pescado portfolio-category-receitas-frijobel portfolio-tag-bacalhau portfolio-tag-prato-principal\">\n\t<div class=\"edgtf-pl-item-inner\">\n\t\t<div class=\"edgtf-pli-image\">\n\t<img loading=\"lazy\" decoding=\"async\" width=\"550\" height=\"506\" src=\"https:\/\/frijobel.pt\/wp-content\/uploads\/2023\/01\/Dimensoes-personalizadas-550x506-px-1.jpeg\" class=\"attachment-kenozoik_edge_image_square size-kenozoik_edge_image_square wp-post-image\" alt=\"\" srcset=\"https:\/\/frijobel.pt\/wp-content\/uploads\/2023\/01\/Dimensoes-personalizadas-550x506-px-1.jpeg 550w, https:\/\/frijobel.pt\/wp-content\/uploads\/2023\/01\/Dimensoes-personalizadas-550x506-px-1-300x276.jpeg 300w, https:\/\/frijobel.pt\/wp-content\/uploads\/2023\/01\/Dimensoes-personalizadas-550x506-px-1-13x12.jpeg 13w\" sizes=\"auto, (max-width: 550px) 100vw, 550px\" \/><\/div>\n<div class=\"edgtf-pli-text-holder\" >\n\t<div class=\"edgtf-pli-text-wrapper\">\n\t\t<div class=\"edgtf-pli-text\">\n\t\t\t\t<h4 itemprop=\"name\" class=\"edgtf-pli-title entry-title\" style=\"text-transform: uppercase\">\n\t\tBACALHAU ASSADO COM CROCANTE DE FRUTOS SECOS\t<\/h4>\n\n\t\t\t\n\t\t\t\n\t\t\t\t<p itemprop=\"description\" class=\"edgtf-pli-excerpt\">Prato principal | 30min | 3 pessoas<\/p>\n\t\t<\/div>\n\t<\/div>\n<\/div>\n\t\t<a itemprop=\"url\" class=\"edgtf-pli-link edgtf-block-drag-link\" href=\"https:\/\/frijobel.pt\/es\/portfolio-item\/bacalhau-assado-com-crocante-de-frutos-secos\/\" target=\"_self\"><\/a>\n\t<\/div>\n<\/article><article class=\"edgtf-pl-item edgtf-item-space edgtf-masonry-size-small post-10332 portfolio-item type-portfolio-item status-publish has-post-thumbnail hentry portfolio-category-pescado portfolio-category-receitas-frijobel portfolio-tag-bacalhau portfolio-tag-pescado portfolio-tag-prato-principal\">\n\t<div class=\"edgtf-pl-item-inner\">\n\t\t<div class=\"edgtf-pli-image\">\n\t<img loading=\"lazy\" decoding=\"async\" width=\"550\" height=\"499\" src=\"https:\/\/frijobel.pt\/wp-content\/uploads\/2022\/06\/7-550x499.jpg\" class=\"attachment-kenozoik_edge_image_square size-kenozoik_edge_image_square wp-post-image\" alt=\"\" \/><\/div>\n<div class=\"edgtf-pli-text-holder\" >\n\t<div class=\"edgtf-pli-text-wrapper\">\n\t\t<div class=\"edgtf-pli-text\">\n\t\t\t\t<h4 itemprop=\"name\" class=\"edgtf-pli-title entry-title\" style=\"text-transform: uppercase\">\n\t\tBACALHAU COM CROCANTE DE BROA, QUEIJO E CHOURI\u00c7O\t<\/h4>\n\n\t\t\t\n\t\t\t\n\t\t\t\t<p itemprop=\"description\" class=\"edgtf-pli-excerpt\">Plato principal | 1h30 min | 3 personas<\/p>\n\t\t<\/div>\n\t<\/div>\n<\/div>\n\t\t<a itemprop=\"url\" class=\"edgtf-pli-link edgtf-block-drag-link\" href=\"https:\/\/frijobel.pt\/es\/portfolio-item\/bacalhau-crocante-queijo-chourico\/\" target=\"_self\"><\/a>\n\t<\/div>\n<\/article><article class=\"edgtf-pl-item edgtf-item-space edgtf-masonry-size-small post-6722 portfolio-item type-portfolio-item status-publish has-post-thumbnail hentry portfolio-category-marisco portfolio-category-pescado portfolio-category-receitas-frijobel portfolio-tag-bacalhau portfolio-tag-legumes portfolio-tag-pescado portfolio-tag-prato-principal\">\n\t<div class=\"edgtf-pl-item-inner\">\n\t\t<div class=\"edgtf-pli-image\">\n\t<img loading=\"lazy\" decoding=\"async\" width=\"550\" height=\"506\" src=\"https:\/\/frijobel.pt\/wp-content\/uploads\/2020\/12\/bacalhau_de_sonho_thumbs-550x506.jpg\" class=\"attachment-kenozoik_edge_image_square size-kenozoik_edge_image_square wp-post-image\" alt=\"\" \/><\/div>\n<div class=\"edgtf-pli-text-holder\" >\n\t<div class=\"edgtf-pli-text-wrapper\">\n\t\t<div class=\"edgtf-pli-text\">\n\t\t\t\t<h4 itemprop=\"name\" class=\"edgtf-pli-title entry-title translation-block\" style=\"text-transform: uppercase\">BACALAO FRITO AL HORNO<\/h4>\n\n\t\t\t\n\t\t\t\n\t\t\t\t<p itemprop=\"description\" class=\"edgtf-pli-excerpt\">Plato principal | 1h25min | 4 personas<\/p>\n\t\t<\/div>\n\t<\/div>\n<\/div>\n\t\t<a itemprop=\"url\" class=\"edgtf-pli-link edgtf-block-drag-link\" href=\"https:\/\/frijobel.pt\/es\/portfolio-item\/bacalhau-de-sonho\/\" target=\"_self\"><\/a>\n\t<\/div>\n<\/article><article class=\"edgtf-pl-item edgtf-item-space edgtf-masonry-size-small post-3888 portfolio-item type-portfolio-item status-publish has-post-thumbnail hentry portfolio-category-carnes portfolio-category-marisco portfolio-category-receitas-frijobel portfolio-tag-camarao portfolio-tag-camarao-vannamei portfolio-tag-carne portfolio-tag-mar-e-terra portfolio-tag-marisco portfolio-tag-molho portfolio-tag-prato-principal portfolio-tag-queijo portfolio-tag-shrimp portfolio-tag-vannamei portfolio-tag-vitela\">\n\t<div class=\"edgtf-pl-item-inner\">\n\t\t<div class=\"edgtf-pli-image\">\n\t<img loading=\"lazy\" decoding=\"async\" width=\"550\" height=\"506\" src=\"https:\/\/frijobel.pt\/wp-content\/uploads\/2020\/08\/vitela_queijo_camarao_thumb-550x506.jpg\" class=\"attachment-kenozoik_edge_image_square size-kenozoik_edge_image_square wp-post-image\" alt=\"Vitela com queijo e camar\u00e3o\" \/><\/div>\n<div class=\"edgtf-pli-text-holder\" >\n\t<div class=\"edgtf-pli-text-wrapper\">\n\t\t<div class=\"edgtf-pli-text\">\n\t\t\t\t<h4 itemprop=\"name\" class=\"edgtf-pli-title entry-title\" style=\"text-transform: uppercase\">\n\t\tFILETE DE TERNERA CON SALSA DE QUESO Y LANGOSTINOS\t<\/h4>\n\n\t\t\t\n\t\t\t\n\t\t\t\t<p itemprop=\"description\" class=\"edgtf-pli-excerpt\">Plato principal | 50 min | 4 personas<\/p>\n\t\t<\/div>\n\t<\/div>\n<\/div>\n\t\t<a itemprop=\"url\" class=\"edgtf-pli-link edgtf-block-drag-link\" href=\"https:\/\/frijobel.pt\/es\/portfolio-item\/bife-vitela-queijo-camarao\/\" target=\"_self\"><\/a>\n\t<\/div>\n<\/article>\t<\/div>\n\t\n\t\t<div class=\"edgtf-pl-loading\">\n\t\t<div class=\"edgtf-kenozoik-loader\">\n\t\t  <div class=\"edgtf-keno\"><span>.<\/span>Keno<\/div>\n\t\t  <div class=\"edgtf-zoik\">Zoik<span>.<\/span><\/div>\n\t\t<\/div>\n\t<\/div>\n<\/div><div class=\"vc_empty_space\"   style=\"height: 40px\"><span class=\"vc_empty_space_inner\"><\/span><\/div><\/div><\/div><\/div><\/div><div class=\"vc_row-full-width vc_clearfix\"><\/div>\n<\/div>","protected":false},"excerpt":{"rendered":"BIFE DE VITELA COM MOLHO DE QUEIJO E CAMAR\u00d5ES Prato Principal 50 minutos 4 pessoas NOSSOS PRODUTOS Leer m\u00e1s Camar\u00e3o Vannamei Marisco e Bivalves Leer m\u00e1s VITELA PARA GUISAR Carnes INGREDIENTES 4 bifes da vazia de vitel\u00e3o Frijobel [...]","protected":false},"author":1,"featured_media":0,"parent":0,"menu_order":0,"comment_status":"closed","ping_status":"closed","template":"full-width.php","meta":{"footnotes":""},"class_list":["post-5114","page","type-page","status-publish","hentry"],"_links":{"self":[{"href":"https:\/\/frijobel.pt\/es\/wp-json\/wp\/v2\/pages\/5114","targetHints":{"allow":["GET"]}}],"collection":[{"href":"https:\/\/frijobel.pt\/es\/wp-json\/wp\/v2\/pages"}],"about":[{"href":"https:\/\/frijobel.pt\/es\/wp-json\/wp\/v2\/types\/page"}],"author":[{"embeddable":true,"href":"https:\/\/frijobel.pt\/es\/wp-json\/wp\/v2\/users\/1"}],"replies":[{"embeddable":true,"href":"https:\/\/frijobel.pt\/es\/wp-json\/wp\/v2\/comments?post=5114"}],"version-history":[{"count":3,"href":"https:\/\/frijobel.pt\/es\/wp-json\/wp\/v2\/pages\/5114\/revisions"}],"predecessor-version":[{"id":9692,"href":"https:\/\/frijobel.pt\/es\/wp-json\/wp\/v2\/pages\/5114\/revisions\/9692"}],"wp:attachment":[{"href":"https:\/\/frijobel.pt\/es\/wp-json\/wp\/v2\/media?parent=5114"}],"curies":[{"name":"wp","href":"https:\/\/api.w.org\/{rel}","templated":true}]}}