{"id":3777,"date":"2020-07-20T20:38:27","date_gmt":"2020-07-20T20:38:27","guid":{"rendered":"http:\/\/www.frijobel.pt\/novo\/?page_id=3777"},"modified":"2024-07-01T13:57:57","modified_gmt":"2024-07-01T13:57:57","slug":"doces-familia","status":"publish","type":"page","link":"https:\/\/frijobel.pt\/es\/doces-familia\/","title":{"rendered":"POSTRES"},"content":{"rendered":"<div class=\"wpb-content-wrapper\"><div class=\"vc_row wpb_row vc_row-fluid background-picture-products-category vc_custom_1719842223407 vc_row-has-fill vc_row-o-full-height vc_row-o-columns-middle vc_row-flex\" style=\"background-color:rgba(0,0,0,0.53);background-image: url(https:\/\/frijobel.pt\/wp-content\/uploads\/2024\/07\/pastel_de_nata_hero.jpg)\"><div class=\"wpb_column vc_column_container vc_col-sm-12 vc_col-has-fill\"><div class=\"vc_column-inner vc_custom_1595259860121\"><div class=\"wpb_wrapper\"><div class=\"edgtf-section-title-holder  edgtf-st-standard edgtf-st-center edgtf-st-normal-space\" style=\"padding: 0 10%\">\n\t<div class=\"edgtf-st-inner\">\n\t\t\t\t\t<h1 class=\"edgtf-st-title\" style=\"color: #ffffff\">\n\t\t\t\t<span class=\"edgtf-st-title-bold\">POSTRES<\/span>\t\t\t<\/h1>\n\t\t\t\t\t\t\t<p class=\"edgtf-st-text\" style=\"color: #ffffff;font-size: 22px;font-weight: 400\">\n\t\t\t\tSABEM SEMPRE BEM\t\t\t<\/p>\n\t\t\t<\/div>\n<\/div><\/div><\/div><\/div><\/div><div class=\"edgtf-row-grid-section-wrapper\"  ><div class=\"edgtf-row-grid-section\"><div class=\"vc_row wpb_row vc_row-fluid vc_custom_1594921556174\" ><div class=\"wpb_animate_when_almost_visible wpb_fadeIn fadeIn wpb_column vc_column_container vc_col-sm-12\"><div class=\"vc_column-inner\"><div class=\"wpb_wrapper\"><div class=\"vc_empty_space\"   style=\"height: 50px\"><span class=\"vc_empty_space_inner\"><\/span><\/div><div class=\"woocommerce columns-3\"><ul class=\"products columns-3\">\n<li class=\"product type-product post-3515 status-publish first instock product_cat-doces product_tag-bolo product_tag-cake product_tag-chocolate product_tag-dessert product_tag-doces product_tag-pastelaria product_tag-sobremesas product_tag-tarte has-post-thumbnail shipping-taxable product-type-simple\">\n\t<div class=\"edgtf-pl-inner\"><div class=\"edgtf-pl-image\"><img loading=\"lazy\" decoding=\"async\" width=\"400\" height=\"300\" src=\"https:\/\/frijobel.pt\/wp-content\/uploads\/2020\/07\/brigadeiro-400x300.jpg\" class=\"attachment-woocommerce_thumbnail size-woocommerce_thumbnail\" alt=\"Bolo de chocolate brigadeiro\" \/><div class=\"edgtf-pl-text\"><div class=\"edgtf-pl-text-outer\"><div class=\"edgtf-pl-text-inner\"><a href=\"https:\/\/frijobel.pt\/es\/product\/bolo-bobrigadeiro\/\" aria-describedby=\"woocommerce_loop_add_to_cart_link_describedby_3515\" data-quantity=\"1\" class=\"button product_type_simple\" data-product_id=\"3515\" data-product_sku=\"D002\" aria-label=\"Lee m\u00e1s sobre \u201cBolo Brigadeiro\u201d\" rel=\"nofollow\" data-success_message=\"\" data-no-translation=\"\" data-trp-gettext=\"\" data-no-translation-aria-label=\"\">Leer m\u00e1s<\/a>\t<span id=\"woocommerce_loop_add_to_cart_link_describedby_3515\" class=\"screen-reader-text\">\n\t\t\t<\/span>\n<\/div><\/div><\/div><\/div><a href=\"https:\/\/frijobel.pt\/es\/product\/bolo-bobrigadeiro\/\" class=\"woocommerce-LoopProduct-link woocommerce-loop-product__link\"><\/a><\/div><div class=\"edgtf-pl-text-wrapper\"><h5 class=\"edgtf-product-list-title\"><a href=\"https:\/\/frijobel.pt\/es\/product\/bolo-bobrigadeiro\/\">PASTEL \u00abBRIGADEIRO\u00bb<\/a><\/h5>\n\t\t\t<h6 class=\"edgtf-pl-category\"><a href=\"https:\/\/frijobel.pt\/es\/product-category\/doces\/\" rel=\"tag\">POSTRES<\/a><\/h6>\n\t\t\t<\/div><\/li>\n<li class=\"product type-product post-3510 status-publish instock product_cat-doces product_tag-bolo product_tag-cake product_tag-cookies product_tag-dessert product_tag-doces product_tag-pastelaria product_tag-pre-cooked product_tag-sobremesas product_tag-tarte has-post-thumbnail shipping-taxable product-type-simple\">\n\t<div class=\"edgtf-pl-inner\"><div class=\"edgtf-pl-image\"><img loading=\"lazy\" decoding=\"async\" width=\"400\" height=\"300\" src=\"https:\/\/frijobel.pt\/wp-content\/uploads\/2020\/07\/bolo-bolacha-empratado-400x300.jpg\" class=\"attachment-woocommerce_thumbnail size-woocommerce_thumbnail\" alt=\"Bolo Bolacha empratado\" \/><div class=\"edgtf-pl-text\"><div class=\"edgtf-pl-text-outer\"><div class=\"edgtf-pl-text-inner\"><a href=\"https:\/\/frijobel.pt\/es\/product\/bolo-bolacha\/\" aria-describedby=\"woocommerce_loop_add_to_cart_link_describedby_3510\" data-quantity=\"1\" class=\"button product_type_simple\" data-product_id=\"3510\" data-product_sku=\"D001\" aria-label=\"Lee m\u00e1s sobre \u201cBolo de Bolacha\u201d\" rel=\"nofollow\" data-success_message=\"\" data-no-translation=\"\" data-trp-gettext=\"\" data-no-translation-aria-label=\"\">Leer m\u00e1s<\/a>\t<span id=\"woocommerce_loop_add_to_cart_link_describedby_3510\" class=\"screen-reader-text\">\n\t\t\t<\/span>\n<\/div><\/div><\/div><\/div><a href=\"https:\/\/frijobel.pt\/es\/product\/bolo-bolacha\/\" class=\"woocommerce-LoopProduct-link woocommerce-loop-product__link\"><\/a><\/div><div class=\"edgtf-pl-text-wrapper\"><h5 class=\"edgtf-product-list-title\"><a href=\"https:\/\/frijobel.pt\/es\/product\/bolo-bolacha\/\">TARTA DE GALLETAS<\/a><\/h5>\n\t\t\t<h6 class=\"edgtf-pl-category\"><a href=\"https:\/\/frijobel.pt\/es\/product-category\/doces\/\" rel=\"tag\">POSTRES<\/a><\/h6>\n\t\t\t<\/div><\/li>\n<li class=\"product type-product post-3619 status-publish last instock product_cat-doces product_tag-dessert product_tag-doces product_tag-nata product_tag-pastelaria product_tag-sobremesas has-post-thumbnail shipping-taxable product-type-simple\">\n\t<div class=\"edgtf-pl-inner\"><div class=\"edgtf-pl-image\"><img loading=\"lazy\" decoding=\"async\" width=\"400\" height=\"300\" src=\"https:\/\/frijobel.pt\/wp-content\/uploads\/2020\/07\/pasteis_natas-400x300.jpg\" class=\"attachment-woocommerce_thumbnail size-woocommerce_thumbnail\" alt=\"past\u00e9is de nata\" \/><div class=\"edgtf-pl-text\"><div class=\"edgtf-pl-text-outer\"><div class=\"edgtf-pl-text-inner\"><a href=\"https:\/\/frijobel.pt\/es\/product\/pasteis-de-nata\/\" aria-describedby=\"woocommerce_loop_add_to_cart_link_describedby_3619\" data-quantity=\"1\" class=\"button product_type_simple\" data-product_id=\"3619\" data-product_sku=\"D003\" aria-label=\"Lee m\u00e1s sobre \u201cPastel de Nata\u201d\" rel=\"nofollow\" data-success_message=\"\" data-no-translation=\"\" data-trp-gettext=\"\" data-no-translation-aria-label=\"\">Leer m\u00e1s<\/a>\t<span id=\"woocommerce_loop_add_to_cart_link_describedby_3619\" class=\"screen-reader-text\">\n\t\t\t<\/span>\n<\/div><\/div><\/div><\/div><a href=\"https:\/\/frijobel.pt\/es\/product\/pasteis-de-nata\/\" class=\"woocommerce-LoopProduct-link woocommerce-loop-product__link\"><\/a><\/div><div class=\"edgtf-pl-text-wrapper\"><h5 class=\"edgtf-product-list-title\"><a href=\"https:\/\/frijobel.pt\/es\/product\/pasteis-de-nata\/\">PASTEL DE NATA<\/a><\/h5>\n\t\t\t<h6 class=\"edgtf-pl-category\"><a href=\"https:\/\/frijobel.pt\/es\/product-category\/doces\/\" rel=\"tag\">POSTRES<\/a><\/h6>\n\t\t\t<\/div><\/li>\n<\/ul>\n<\/div><\/div><\/div><\/div><\/div><\/div><\/div>\n<\/div>","protected":false},"excerpt":{"rendered":"DOCES SABEM SEMPRE BEM Leer m\u00e1s Bolo Brigadeiro Doces Leer m\u00e1s Bolo de Bolacha Doces Leer m\u00e1s Pastel de Nata Doces","protected":false},"author":1,"featured_media":0,"parent":0,"menu_order":0,"comment_status":"closed","ping_status":"closed","template":"full-width.php","meta":{"footnotes":""},"class_list":["post-3777","page","type-page","status-publish","hentry"],"_links":{"self":[{"href":"https:\/\/frijobel.pt\/es\/wp-json\/wp\/v2\/pages\/3777","targetHints":{"allow":["GET"]}}],"collection":[{"href":"https:\/\/frijobel.pt\/es\/wp-json\/wp\/v2\/pages"}],"about":[{"href":"https:\/\/frijobel.pt\/es\/wp-json\/wp\/v2\/types\/page"}],"author":[{"embeddable":true,"href":"https:\/\/frijobel.pt\/es\/wp-json\/wp\/v2\/users\/1"}],"replies":[{"embeddable":true,"href":"https:\/\/frijobel.pt\/es\/wp-json\/wp\/v2\/comments?post=3777"}],"version-history":[{"count":1,"href":"https:\/\/frijobel.pt\/es\/wp-json\/wp\/v2\/pages\/3777\/revisions"}],"predecessor-version":[{"id":11136,"href":"https:\/\/frijobel.pt\/es\/wp-json\/wp\/v2\/pages\/3777\/revisions\/11136"}],"wp:attachment":[{"href":"https:\/\/frijobel.pt\/es\/wp-json\/wp\/v2\/media?parent=3777"}],"curies":[{"name":"wp","href":"https:\/\/api.w.org\/{rel}","templated":true}]}}